
{"id":11168,"date":"2024-12-04T16:56:43","date_gmt":"2024-12-04T16:56:43","guid":{"rendered":"https:\/\/boozedrinks.pt\/?post_type=product&#038;p=11168"},"modified":"2026-03-19T17:12:08","modified_gmt":"2026-03-19T17:12:08","slug":"borbone-superginseng","status":"publish","type":"product","link":"https:\/\/boozedrinks.pt\/en\/product\/borbone-superginseng\/","title":{"rendered":"Caff\u00e8 Borbone Sol\u00favel Superginseng"},"content":{"rendered":"","protected":false},"excerpt":{"rendered":"<p>Uma bebida instant\u00e2nea que combina caf\u00e9 com extrato de ginseng, oferecendo um sabor ligeiramente suave.<\/p>\n<p>Compat\u00edvel com m\u00e1quinas Dolce Gusto.<\/p>\n<p>Pack: 16 c\u00e1psulas<\/p>\n<p>Prazo de validade: 2 anos<\/p>\n","protected":false},"featured_media":17142,"comment_status":"closed","ping_status":"closed","template":"","meta":[],"product_brand":[],"product_cat":[204,205,208],"product_tag":[],"class_list":{"0":"post-11168","1":"product","2":"type-product","3":"status-publish","4":"has-post-thumbnail","6":"product_cat-cafe","7":"product_cat-caffe-borbone","8":"product_cat-soluveis-compativeis-com-maquinas-dolce-gusto","10":"first","11":"instock","12":"shipping-taxable","13":"product-type-simple"},"jetpack_sharing_enabled":true,"_links":{"self":[{"href":"https:\/\/boozedrinks.pt\/en\/wp-json\/wp\/v2\/product\/11168","targetHints":{"allow":["GET"]}}],"collection":[{"href":"https:\/\/boozedrinks.pt\/en\/wp-json\/wp\/v2\/product"}],"about":[{"href":"https:\/\/boozedrinks.pt\/en\/wp-json\/wp\/v2\/types\/product"}],"replies":[{"embeddable":true,"href":"https:\/\/boozedrinks.pt\/en\/wp-json\/wp\/v2\/comments?post=11168"}],"wp:featuredmedia":[{"embeddable":true,"href":"https:\/\/boozedrinks.pt\/en\/wp-json\/wp\/v2\/media\/17142"}],"wp:attachment":[{"href":"https:\/\/boozedrinks.pt\/en\/wp-json\/wp\/v2\/media?parent=11168"}],"wp:term":[{"taxonomy":"product_brand","embeddable":true,"href":"https:\/\/boozedrinks.pt\/en\/wp-json\/wp\/v2\/product_brand?post=11168"},{"taxonomy":"product_cat","embeddable":true,"href":"https:\/\/boozedrinks.pt\/en\/wp-json\/wp\/v2\/product_cat?post=11168"},{"taxonomy":"product_tag","embeddable":true,"href":"https:\/\/boozedrinks.pt\/en\/wp-json\/wp\/v2\/product_tag?post=11168"}],"curies":[{"name":"wp","href":"https:\/\/api.w.org\/{rel}","templated":true}]}}