
{"id":11171,"date":"2024-12-04T17:13:45","date_gmt":"2024-12-04T17:13:45","guid":{"rendered":"https:\/\/boozedrinks.pt\/?post_type=product&#038;p=11171"},"modified":"2026-03-19T17:25:17","modified_gmt":"2026-03-19T17:25:17","slug":"borbone-superciock","status":"publish","type":"product","link":"https:\/\/boozedrinks.pt\/en\/product\/borbone-superciock\/","title":{"rendered":"Caff\u00e8 Borbone Sol\u00favel Superciock"},"content":{"rendered":"","protected":false},"excerpt":{"rendered":"<p>O saboroso chocolate quente em c\u00e1psula.<\/p>\n<p>Compat\u00edvel com m\u00e1quinas Dolce Gusto.<\/p>\n<p>Pack: 16 c\u00e1psulas<\/p>\n<p>Prazo de validade: 2 anos<\/p>\n","protected":false},"featured_media":17153,"comment_status":"closed","ping_status":"closed","template":"","meta":[],"product_brand":[],"product_cat":[204,205,208],"product_tag":[],"class_list":{"0":"post-11171","1":"product","2":"type-product","3":"status-publish","4":"has-post-thumbnail","6":"product_cat-cafe","7":"product_cat-caffe-borbone","8":"product_cat-soluveis-compativeis-com-maquinas-dolce-gusto","10":"first","11":"instock","12":"shipping-taxable","13":"product-type-simple"},"jetpack_sharing_enabled":true,"_links":{"self":[{"href":"https:\/\/boozedrinks.pt\/en\/wp-json\/wp\/v2\/product\/11171","targetHints":{"allow":["GET"]}}],"collection":[{"href":"https:\/\/boozedrinks.pt\/en\/wp-json\/wp\/v2\/product"}],"about":[{"href":"https:\/\/boozedrinks.pt\/en\/wp-json\/wp\/v2\/types\/product"}],"replies":[{"embeddable":true,"href":"https:\/\/boozedrinks.pt\/en\/wp-json\/wp\/v2\/comments?post=11171"}],"wp:featuredmedia":[{"embeddable":true,"href":"https:\/\/boozedrinks.pt\/en\/wp-json\/wp\/v2\/media\/17153"}],"wp:attachment":[{"href":"https:\/\/boozedrinks.pt\/en\/wp-json\/wp\/v2\/media?parent=11171"}],"wp:term":[{"taxonomy":"product_brand","embeddable":true,"href":"https:\/\/boozedrinks.pt\/en\/wp-json\/wp\/v2\/product_brand?post=11171"},{"taxonomy":"product_cat","embeddable":true,"href":"https:\/\/boozedrinks.pt\/en\/wp-json\/wp\/v2\/product_cat?post=11171"},{"taxonomy":"product_tag","embeddable":true,"href":"https:\/\/boozedrinks.pt\/en\/wp-json\/wp\/v2\/product_tag?post=11171"}],"curies":[{"name":"wp","href":"https:\/\/api.w.org\/{rel}","templated":true}]}}