
{"id":11174,"date":"2024-12-04T17:19:26","date_gmt":"2024-12-04T17:19:26","guid":{"rendered":"https:\/\/boozedrinks.pt\/?post_type=product&#038;p=11174"},"modified":"2026-03-19T16:59:47","modified_gmt":"2026-03-19T16:59:47","slug":"borbone-camomila-melatonina-2","status":"publish","type":"product","link":"https:\/\/boozedrinks.pt\/en\/product\/borbone-camomila-melatonina-2\/","title":{"rendered":"Caff\u00e8 Borbone Ch\u00e1 Camomila &#038; Melatonina"},"content":{"rendered":"","protected":false},"excerpt":{"rendered":"<p>A pausa para o stress. Uma infus\u00e3o de camomila e melatonina em c\u00e1psula para as m\u00e1quinas Dolce Gusto.<\/p>\n<p>Pack: 16 c\u00e1psulas<\/p>\n<p>Prazo de validade: 2 anos<\/p>\n","protected":false},"featured_media":17135,"comment_status":"closed","ping_status":"closed","template":"","meta":[],"product_brand":[],"product_cat":[204,205,210],"product_tag":[],"class_list":{"0":"post-11174","1":"product","2":"type-product","3":"status-publish","4":"has-post-thumbnail","6":"product_cat-cafe","7":"product_cat-caffe-borbone","8":"product_cat-chas-compativeis-com-maquinas-dolce-gusto","10":"first","11":"instock","12":"shipping-taxable","13":"product-type-simple"},"jetpack_sharing_enabled":true,"_links":{"self":[{"href":"https:\/\/boozedrinks.pt\/en\/wp-json\/wp\/v2\/product\/11174","targetHints":{"allow":["GET"]}}],"collection":[{"href":"https:\/\/boozedrinks.pt\/en\/wp-json\/wp\/v2\/product"}],"about":[{"href":"https:\/\/boozedrinks.pt\/en\/wp-json\/wp\/v2\/types\/product"}],"replies":[{"embeddable":true,"href":"https:\/\/boozedrinks.pt\/en\/wp-json\/wp\/v2\/comments?post=11174"}],"wp:featuredmedia":[{"embeddable":true,"href":"https:\/\/boozedrinks.pt\/en\/wp-json\/wp\/v2\/media\/17135"}],"wp:attachment":[{"href":"https:\/\/boozedrinks.pt\/en\/wp-json\/wp\/v2\/media?parent=11174"}],"wp:term":[{"taxonomy":"product_brand","embeddable":true,"href":"https:\/\/boozedrinks.pt\/en\/wp-json\/wp\/v2\/product_brand?post=11174"},{"taxonomy":"product_cat","embeddable":true,"href":"https:\/\/boozedrinks.pt\/en\/wp-json\/wp\/v2\/product_cat?post=11174"},{"taxonomy":"product_tag","embeddable":true,"href":"https:\/\/boozedrinks.pt\/en\/wp-json\/wp\/v2\/product_tag?post=11174"}],"curies":[{"name":"wp","href":"https:\/\/api.w.org\/{rel}","templated":true}]}}