
{"id":11887,"date":"2025-03-11T16:17:38","date_gmt":"2025-03-11T16:17:38","guid":{"rendered":"https:\/\/boozedrinks.pt\/?post_type=product&#038;p=11887"},"modified":"2025-05-08T13:44:25","modified_gmt":"2025-05-08T13:44:25","slug":"cafe-borbone-100-arabica","status":"publish","type":"product","link":"https:\/\/boozedrinks.pt\/en\/product\/cafe-borbone-100-arabica\/","title":{"rendered":"Caf\u00e9 Borbone 100% Ar\u00e1bica em Gr\u00e3o"},"content":{"rendered":"","protected":false},"excerpt":{"rendered":"<p>Um caf\u00e9 de sabor intenso, com notas de chocolate preto, malte e castanha.<\/p>\n<p>Pack: 1kg<\/p>\n<p>&nbsp;<\/p>\n","protected":false},"featured_media":11888,"comment_status":"closed","ping_status":"closed","template":"","meta":[],"product_brand":[],"product_cat":[205,211],"product_tag":[],"class_list":{"0":"post-11887","1":"product","2":"type-product","3":"status-publish","4":"has-post-thumbnail","6":"product_cat-caffe-borbone","7":"product_cat-cafe-em-grao","9":"first","10":"instock","11":"shipping-taxable","12":"product-type-simple"},"jetpack_sharing_enabled":true,"_links":{"self":[{"href":"https:\/\/boozedrinks.pt\/en\/wp-json\/wp\/v2\/product\/11887","targetHints":{"allow":["GET"]}}],"collection":[{"href":"https:\/\/boozedrinks.pt\/en\/wp-json\/wp\/v2\/product"}],"about":[{"href":"https:\/\/boozedrinks.pt\/en\/wp-json\/wp\/v2\/types\/product"}],"replies":[{"embeddable":true,"href":"https:\/\/boozedrinks.pt\/en\/wp-json\/wp\/v2\/comments?post=11887"}],"wp:featuredmedia":[{"embeddable":true,"href":"https:\/\/boozedrinks.pt\/en\/wp-json\/wp\/v2\/media\/11888"}],"wp:attachment":[{"href":"https:\/\/boozedrinks.pt\/en\/wp-json\/wp\/v2\/media?parent=11887"}],"wp:term":[{"taxonomy":"product_brand","embeddable":true,"href":"https:\/\/boozedrinks.pt\/en\/wp-json\/wp\/v2\/product_brand?post=11887"},{"taxonomy":"product_cat","embeddable":true,"href":"https:\/\/boozedrinks.pt\/en\/wp-json\/wp\/v2\/product_cat?post=11887"},{"taxonomy":"product_tag","embeddable":true,"href":"https:\/\/boozedrinks.pt\/en\/wp-json\/wp\/v2\/product_tag?post=11887"}],"curies":[{"name":"wp","href":"https:\/\/api.w.org\/{rel}","templated":true}]}}