
{"id":11902,"date":"2025-03-11T16:32:14","date_gmt":"2025-03-11T16:32:14","guid":{"rendered":"https:\/\/boozedrinks.pt\/?post_type=product&#038;p=11902"},"modified":"2025-05-08T13:47:10","modified_gmt":"2025-05-08T13:47:10","slug":"cafe-borbone-espresso-intenso-2","status":"publish","type":"product","link":"https:\/\/boozedrinks.pt\/en\/product\/cafe-borbone-espresso-intenso-2\/","title":{"rendered":"Caf\u00e9 Borbone Espresso Intenso em Gr\u00e3o"},"content":{"rendered":"","protected":false},"excerpt":{"rendered":"<p>Uma mistura cremosa e suave com um car\u00e1ter intenso.<\/p>\n<p>Pack: 1kg<\/p>\n","protected":false},"featured_media":11897,"comment_status":"closed","ping_status":"closed","template":"","meta":[],"product_brand":[],"product_cat":[205,211],"product_tag":[],"class_list":{"0":"post-11902","1":"product","2":"type-product","3":"status-publish","4":"has-post-thumbnail","6":"product_cat-caffe-borbone","7":"product_cat-cafe-em-grao","9":"first","10":"instock","11":"shipping-taxable","12":"product-type-simple"},"jetpack_sharing_enabled":true,"_links":{"self":[{"href":"https:\/\/boozedrinks.pt\/en\/wp-json\/wp\/v2\/product\/11902","targetHints":{"allow":["GET"]}}],"collection":[{"href":"https:\/\/boozedrinks.pt\/en\/wp-json\/wp\/v2\/product"}],"about":[{"href":"https:\/\/boozedrinks.pt\/en\/wp-json\/wp\/v2\/types\/product"}],"replies":[{"embeddable":true,"href":"https:\/\/boozedrinks.pt\/en\/wp-json\/wp\/v2\/comments?post=11902"}],"wp:featuredmedia":[{"embeddable":true,"href":"https:\/\/boozedrinks.pt\/en\/wp-json\/wp\/v2\/media\/11897"}],"wp:attachment":[{"href":"https:\/\/boozedrinks.pt\/en\/wp-json\/wp\/v2\/media?parent=11902"}],"wp:term":[{"taxonomy":"product_brand","embeddable":true,"href":"https:\/\/boozedrinks.pt\/en\/wp-json\/wp\/v2\/product_brand?post=11902"},{"taxonomy":"product_cat","embeddable":true,"href":"https:\/\/boozedrinks.pt\/en\/wp-json\/wp\/v2\/product_cat?post=11902"},{"taxonomy":"product_tag","embeddable":true,"href":"https:\/\/boozedrinks.pt\/en\/wp-json\/wp\/v2\/product_tag?post=11902"}],"curies":[{"name":"wp","href":"https:\/\/api.w.org\/{rel}","templated":true}]}}