
{"id":14943,"date":"2025-06-11T08:23:20","date_gmt":"2025-06-11T08:23:20","guid":{"rendered":"https:\/\/boozedrinks.pt\/?post_type=product&#038;p=14943"},"modified":"2025-06-23T13:45:08","modified_gmt":"2025-06-23T13:45:08","slug":"cafe-corsini-colombia-medellin-em-grao","status":"publish","type":"product","link":"https:\/\/boozedrinks.pt\/en\/product\/cafe-corsini-colombia-medellin-em-grao\/","title":{"rendered":"Caff\u00e8 Corsini Col\u00f4mbia Medell\u00edn &#8211; em Gr\u00e3o"},"content":{"rendered":"","protected":false},"excerpt":{"rendered":"<p>Caf\u00e9 colombiano de Medell\u00edn, com torra m\u00e9dia, apresenta notas de noz e caramelo, sabor doce e equilibrado e um aroma aveludado.<\/p>\n<p>Caf\u00e9 em gr\u00e3o: 250 g<\/p>\n<p>Prazo de validade: 2 anos<\/p>\n","protected":false},"featured_media":15010,"comment_status":"closed","ping_status":"closed","template":"","meta":[],"product_brand":[],"product_cat":[204,277,211],"product_tag":[],"class_list":{"0":"post-14943","1":"product","2":"type-product","3":"status-publish","4":"has-post-thumbnail","6":"product_cat-cafe","7":"product_cat-caffe-corsini","8":"product_cat-cafe-em-grao","10":"first","11":"instock","12":"shipping-taxable","13":"product-type-simple"},"jetpack_sharing_enabled":true,"_links":{"self":[{"href":"https:\/\/boozedrinks.pt\/en\/wp-json\/wp\/v2\/product\/14943","targetHints":{"allow":["GET"]}}],"collection":[{"href":"https:\/\/boozedrinks.pt\/en\/wp-json\/wp\/v2\/product"}],"about":[{"href":"https:\/\/boozedrinks.pt\/en\/wp-json\/wp\/v2\/types\/product"}],"replies":[{"embeddable":true,"href":"https:\/\/boozedrinks.pt\/en\/wp-json\/wp\/v2\/comments?post=14943"}],"wp:featuredmedia":[{"embeddable":true,"href":"https:\/\/boozedrinks.pt\/en\/wp-json\/wp\/v2\/media\/15010"}],"wp:attachment":[{"href":"https:\/\/boozedrinks.pt\/en\/wp-json\/wp\/v2\/media?parent=14943"}],"wp:term":[{"taxonomy":"product_brand","embeddable":true,"href":"https:\/\/boozedrinks.pt\/en\/wp-json\/wp\/v2\/product_brand?post=14943"},{"taxonomy":"product_cat","embeddable":true,"href":"https:\/\/boozedrinks.pt\/en\/wp-json\/wp\/v2\/product_cat?post=14943"},{"taxonomy":"product_tag","embeddable":true,"href":"https:\/\/boozedrinks.pt\/en\/wp-json\/wp\/v2\/product_tag?post=14943"}],"curies":[{"name":"wp","href":"https:\/\/api.w.org\/{rel}","templated":true}]}}