
{"id":15026,"date":"2025-06-12T09:55:05","date_gmt":"2025-06-12T09:55:05","guid":{"rendered":"https:\/\/boozedrinks.pt\/?post_type=product&#038;p=15026"},"modified":"2025-06-23T13:52:48","modified_gmt":"2025-06-23T13:52:48","slug":"cafe-corsini-el-salvador-em-grao","status":"publish","type":"product","link":"https:\/\/boozedrinks.pt\/en\/product\/cafe-corsini-el-salvador-em-grao\/","title":{"rendered":"Caff\u00e8 Corsini El Salvador &#8211; em Gr\u00e3o"},"content":{"rendered":"","protected":false},"excerpt":{"rendered":"<p>Cultivado acima dos 1.200 metros, este caf\u00e9 leve, arom\u00e1tico e equilibrado, com baixa acidez, apresenta uma torra m\u00e9dia que real\u00e7a notas doces de mel e chocolate.<\/p>\n<p>Caf\u00e9 em gr\u00e3o: 250 g<\/p>\n<p>Prazo de validade: 2 anos<\/p>\n","protected":false},"featured_media":15027,"comment_status":"closed","ping_status":"closed","template":"","meta":[],"product_brand":[],"product_cat":[277,211],"product_tag":[],"class_list":{"0":"post-15026","1":"product","2":"type-product","3":"status-publish","4":"has-post-thumbnail","6":"product_cat-caffe-corsini","7":"product_cat-cafe-em-grao","9":"first","10":"instock","11":"shipping-taxable","12":"product-type-simple"},"jetpack_sharing_enabled":true,"_links":{"self":[{"href":"https:\/\/boozedrinks.pt\/en\/wp-json\/wp\/v2\/product\/15026","targetHints":{"allow":["GET"]}}],"collection":[{"href":"https:\/\/boozedrinks.pt\/en\/wp-json\/wp\/v2\/product"}],"about":[{"href":"https:\/\/boozedrinks.pt\/en\/wp-json\/wp\/v2\/types\/product"}],"replies":[{"embeddable":true,"href":"https:\/\/boozedrinks.pt\/en\/wp-json\/wp\/v2\/comments?post=15026"}],"wp:featuredmedia":[{"embeddable":true,"href":"https:\/\/boozedrinks.pt\/en\/wp-json\/wp\/v2\/media\/15027"}],"wp:attachment":[{"href":"https:\/\/boozedrinks.pt\/en\/wp-json\/wp\/v2\/media?parent=15026"}],"wp:term":[{"taxonomy":"product_brand","embeddable":true,"href":"https:\/\/boozedrinks.pt\/en\/wp-json\/wp\/v2\/product_brand?post=15026"},{"taxonomy":"product_cat","embeddable":true,"href":"https:\/\/boozedrinks.pt\/en\/wp-json\/wp\/v2\/product_cat?post=15026"},{"taxonomy":"product_tag","embeddable":true,"href":"https:\/\/boozedrinks.pt\/en\/wp-json\/wp\/v2\/product_tag?post=15026"}],"curies":[{"name":"wp","href":"https:\/\/api.w.org\/{rel}","templated":true}]}}