
{"id":15055,"date":"2025-06-12T10:54:37","date_gmt":"2025-06-12T10:54:37","guid":{"rendered":"https:\/\/boozedrinks.pt\/?post_type=product&#038;p=15055"},"modified":"2025-06-23T14:06:38","modified_gmt":"2025-06-23T14:06:38","slug":"cafe-corsini-brasil-santos-moido","status":"publish","type":"product","link":"https:\/\/boozedrinks.pt\/en\/product\/cafe-corsini-brasil-santos-moido\/","title":{"rendered":"Caff\u00e8 Corsini Brasil Santos &#8211; Mo\u00eddo"},"content":{"rendered":"","protected":false},"excerpt":{"rendered":"<p>Caf\u00e9 ar\u00e1bica do Brasil, da regi\u00e3o de S\u00e3o Paulo, processado naturalmente e de torra m\u00e9dia, apresenta notas de frutos secos, cacau e chocolate, com aroma doce e aveludado, sabor envolvente e baixa acidez.<\/p>\n<p>Caf\u00e9 mo\u00eddo: 250 g<\/p>\n<p>Prazo de validade: 2 anos<\/p>\n","protected":false},"featured_media":15056,"comment_status":"closed","ping_status":"closed","template":"","meta":[],"product_brand":[],"product_cat":[277,279],"product_tag":[],"class_list":{"0":"post-15055","1":"product","2":"type-product","3":"status-publish","4":"has-post-thumbnail","6":"product_cat-caffe-corsini","7":"product_cat-cafe-moido","9":"first","10":"instock","11":"shipping-taxable","12":"product-type-simple"},"jetpack_sharing_enabled":true,"_links":{"self":[{"href":"https:\/\/boozedrinks.pt\/en\/wp-json\/wp\/v2\/product\/15055","targetHints":{"allow":["GET"]}}],"collection":[{"href":"https:\/\/boozedrinks.pt\/en\/wp-json\/wp\/v2\/product"}],"about":[{"href":"https:\/\/boozedrinks.pt\/en\/wp-json\/wp\/v2\/types\/product"}],"replies":[{"embeddable":true,"href":"https:\/\/boozedrinks.pt\/en\/wp-json\/wp\/v2\/comments?post=15055"}],"wp:featuredmedia":[{"embeddable":true,"href":"https:\/\/boozedrinks.pt\/en\/wp-json\/wp\/v2\/media\/15056"}],"wp:attachment":[{"href":"https:\/\/boozedrinks.pt\/en\/wp-json\/wp\/v2\/media?parent=15055"}],"wp:term":[{"taxonomy":"product_brand","embeddable":true,"href":"https:\/\/boozedrinks.pt\/en\/wp-json\/wp\/v2\/product_brand?post=15055"},{"taxonomy":"product_cat","embeddable":true,"href":"https:\/\/boozedrinks.pt\/en\/wp-json\/wp\/v2\/product_cat?post=15055"},{"taxonomy":"product_tag","embeddable":true,"href":"https:\/\/boozedrinks.pt\/en\/wp-json\/wp\/v2\/product_tag?post=15055"}],"curies":[{"name":"wp","href":"https:\/\/api.w.org\/{rel}","templated":true}]}}