
{"id":15069,"date":"2025-06-12T10:59:33","date_gmt":"2025-06-12T10:59:33","guid":{"rendered":"https:\/\/boozedrinks.pt\/?post_type=product&#038;p=15069"},"modified":"2025-06-23T14:15:27","modified_gmt":"2025-06-23T14:15:27","slug":"cafe-corsini-costa-rica-moido","status":"publish","type":"product","link":"https:\/\/boozedrinks.pt\/en\/product\/cafe-corsini-costa-rica-moido\/","title":{"rendered":"Caff\u00e8 Corsini Costa Rica &#8211; Mo\u00eddo"},"content":{"rendered":"","protected":false},"excerpt":{"rendered":"<p>Caf\u00e9 da Costa Rica, cultivado entre os 1.200 e os 1.700 metros nas montanhas de San Jos\u00e9, com aroma leve e delicado, cuja torra m\u00e9dia real\u00e7a um corpo cheio e notas doces e perfumadas.<\/p>\n<p>Caf\u00e9 mo\u00eddo: 250 g<\/p>\n<p>Prazo de validade: 2 anos<\/p>\n","protected":false},"featured_media":15070,"comment_status":"closed","ping_status":"closed","template":"","meta":[],"product_brand":[],"product_cat":[204,277,279],"product_tag":[],"class_list":{"0":"post-15069","1":"product","2":"type-product","3":"status-publish","4":"has-post-thumbnail","6":"product_cat-cafe","7":"product_cat-caffe-corsini","8":"product_cat-cafe-moido","10":"first","11":"instock","12":"shipping-taxable","13":"product-type-simple"},"jetpack_sharing_enabled":true,"_links":{"self":[{"href":"https:\/\/boozedrinks.pt\/en\/wp-json\/wp\/v2\/product\/15069","targetHints":{"allow":["GET"]}}],"collection":[{"href":"https:\/\/boozedrinks.pt\/en\/wp-json\/wp\/v2\/product"}],"about":[{"href":"https:\/\/boozedrinks.pt\/en\/wp-json\/wp\/v2\/types\/product"}],"replies":[{"embeddable":true,"href":"https:\/\/boozedrinks.pt\/en\/wp-json\/wp\/v2\/comments?post=15069"}],"wp:featuredmedia":[{"embeddable":true,"href":"https:\/\/boozedrinks.pt\/en\/wp-json\/wp\/v2\/media\/15070"}],"wp:attachment":[{"href":"https:\/\/boozedrinks.pt\/en\/wp-json\/wp\/v2\/media?parent=15069"}],"wp:term":[{"taxonomy":"product_brand","embeddable":true,"href":"https:\/\/boozedrinks.pt\/en\/wp-json\/wp\/v2\/product_brand?post=15069"},{"taxonomy":"product_cat","embeddable":true,"href":"https:\/\/boozedrinks.pt\/en\/wp-json\/wp\/v2\/product_cat?post=15069"},{"taxonomy":"product_tag","embeddable":true,"href":"https:\/\/boozedrinks.pt\/en\/wp-json\/wp\/v2\/product_tag?post=15069"}],"curies":[{"name":"wp","href":"https:\/\/api.w.org\/{rel}","templated":true}]}}