
{"id":15081,"date":"2025-06-12T11:10:59","date_gmt":"2025-06-12T11:10:59","guid":{"rendered":"https:\/\/boozedrinks.pt\/?post_type=product&#038;p=15081"},"modified":"2025-06-23T14:22:14","modified_gmt":"2025-06-23T14:22:14","slug":"cafe-corsini-colombia-medellin","status":"publish","type":"product","link":"https:\/\/boozedrinks.pt\/en\/product\/cafe-corsini-colombia-medellin\/","title":{"rendered":"Caff\u00e8 Corsini Col\u00f4mbia Medell\u00edn"},"content":{"rendered":"","protected":false},"excerpt":{"rendered":"<p>Caf\u00e9 colombiano de Medell\u00edn, com torra m\u00e9dia, apresenta notas de noz e caramelo, sabor doce e equilibrado e um aroma aveludado.<\/p>\n<p>C\u00e1psulas para Nespresso: 10 c\u00e1psulas<\/p>\n<p>Prazo de validade: 2 anos<\/p>\n","protected":false},"featured_media":15097,"comment_status":"closed","ping_status":"closed","template":"","meta":[],"product_brand":[],"product_cat":[203,277],"product_tag":[],"class_list":{"0":"post-15081","1":"product","2":"type-product","3":"status-publish","4":"has-post-thumbnail","6":"product_cat-cafe-compativeis-com-maquinas-nespresso","7":"product_cat-caffe-corsini","9":"first","10":"instock","11":"shipping-taxable","12":"product-type-simple"},"jetpack_sharing_enabled":true,"_links":{"self":[{"href":"https:\/\/boozedrinks.pt\/en\/wp-json\/wp\/v2\/product\/15081","targetHints":{"allow":["GET"]}}],"collection":[{"href":"https:\/\/boozedrinks.pt\/en\/wp-json\/wp\/v2\/product"}],"about":[{"href":"https:\/\/boozedrinks.pt\/en\/wp-json\/wp\/v2\/types\/product"}],"replies":[{"embeddable":true,"href":"https:\/\/boozedrinks.pt\/en\/wp-json\/wp\/v2\/comments?post=15081"}],"wp:featuredmedia":[{"embeddable":true,"href":"https:\/\/boozedrinks.pt\/en\/wp-json\/wp\/v2\/media\/15097"}],"wp:attachment":[{"href":"https:\/\/boozedrinks.pt\/en\/wp-json\/wp\/v2\/media?parent=15081"}],"wp:term":[{"taxonomy":"product_brand","embeddable":true,"href":"https:\/\/boozedrinks.pt\/en\/wp-json\/wp\/v2\/product_brand?post=15081"},{"taxonomy":"product_cat","embeddable":true,"href":"https:\/\/boozedrinks.pt\/en\/wp-json\/wp\/v2\/product_cat?post=15081"},{"taxonomy":"product_tag","embeddable":true,"href":"https:\/\/boozedrinks.pt\/en\/wp-json\/wp\/v2\/product_tag?post=15081"}],"curies":[{"name":"wp","href":"https:\/\/api.w.org\/{rel}","templated":true}]}}