
{"id":15107,"date":"2025-06-12T11:45:16","date_gmt":"2025-06-12T11:45:16","guid":{"rendered":"https:\/\/boozedrinks.pt\/?post_type=product&#038;p=15107"},"modified":"2025-06-23T14:26:46","modified_gmt":"2025-06-23T14:26:46","slug":"cafe-corsini-india-monsoon-malabar","status":"publish","type":"product","link":"https:\/\/boozedrinks.pt\/en\/product\/cafe-corsini-india-monsoon-malabar\/","title":{"rendered":"Caff\u00e8 Corsini \u00cdndia Monsoon Malabar"},"content":{"rendered":"","protected":false},"excerpt":{"rendered":"<p>Caf\u00e9 do sul da \u00cdndia, proveniente de Kerala, exposto aos ventos h\u00famidos que lhe conferem maior do\u00e7ura, acidez e uma distinta tonalidade amarela, apresenta notas de especiarias e s\u00e2ndalo, com um sabor doce, picante e \u00fanico.<\/p>\n<p>C\u00e1psulas para Nespresso: 10 c\u00e1psulas<\/p>\n<p>Prazo de validade: 2 anos<\/p>\n","protected":false},"featured_media":15108,"comment_status":"closed","ping_status":"closed","template":"","meta":[],"product_brand":[],"product_cat":[204,203,210,277],"product_tag":[],"class_list":{"0":"post-15107","1":"product","2":"type-product","3":"status-publish","4":"has-post-thumbnail","6":"product_cat-cafe","7":"product_cat-cafe-compativeis-com-maquinas-nespresso","8":"product_cat-chas-compativeis-com-maquinas-dolce-gusto","9":"product_cat-caffe-corsini","11":"first","12":"instock","13":"shipping-taxable","14":"product-type-simple"},"jetpack_sharing_enabled":true,"_links":{"self":[{"href":"https:\/\/boozedrinks.pt\/en\/wp-json\/wp\/v2\/product\/15107","targetHints":{"allow":["GET"]}}],"collection":[{"href":"https:\/\/boozedrinks.pt\/en\/wp-json\/wp\/v2\/product"}],"about":[{"href":"https:\/\/boozedrinks.pt\/en\/wp-json\/wp\/v2\/types\/product"}],"replies":[{"embeddable":true,"href":"https:\/\/boozedrinks.pt\/en\/wp-json\/wp\/v2\/comments?post=15107"}],"wp:featuredmedia":[{"embeddable":true,"href":"https:\/\/boozedrinks.pt\/en\/wp-json\/wp\/v2\/media\/15108"}],"wp:attachment":[{"href":"https:\/\/boozedrinks.pt\/en\/wp-json\/wp\/v2\/media?parent=15107"}],"wp:term":[{"taxonomy":"product_brand","embeddable":true,"href":"https:\/\/boozedrinks.pt\/en\/wp-json\/wp\/v2\/product_brand?post=15107"},{"taxonomy":"product_cat","embeddable":true,"href":"https:\/\/boozedrinks.pt\/en\/wp-json\/wp\/v2\/product_cat?post=15107"},{"taxonomy":"product_tag","embeddable":true,"href":"https:\/\/boozedrinks.pt\/en\/wp-json\/wp\/v2\/product_tag?post=15107"}],"curies":[{"name":"wp","href":"https:\/\/api.w.org\/{rel}","templated":true}]}}