
{"id":15116,"date":"2025-06-12T11:48:28","date_gmt":"2025-06-12T11:48:28","guid":{"rendered":"https:\/\/boozedrinks.pt\/?post_type=product&#038;p=15116"},"modified":"2025-06-23T14:30:19","modified_gmt":"2025-06-23T14:30:19","slug":"cafe-corsini-costa-rica","status":"publish","type":"product","link":"https:\/\/boozedrinks.pt\/en\/product\/cafe-corsini-costa-rica\/","title":{"rendered":"Caff\u00e8 Corsini Costa Rica"},"content":{"rendered":"","protected":false},"excerpt":{"rendered":"<p>Caf\u00e9 da Costa Rica, cultivado entre os 1.200 e os 1.700 metros nas montanhas de San Jos\u00e9, com aroma leve e delicado, cuja torra m\u00e9dia real\u00e7a um corpo cheio e notas doces e perfumadas.<\/p>\n<p>C\u00e1psulas para Nespresso: 10 c\u00e1psulas<\/p>\n<p>Prazo de validade: 2 anos<\/p>\n","protected":false},"featured_media":15117,"comment_status":"closed","ping_status":"closed","template":"","meta":[],"product_brand":[],"product_cat":[204,203,277],"product_tag":[],"class_list":{"0":"post-15116","1":"product","2":"type-product","3":"status-publish","4":"has-post-thumbnail","6":"product_cat-cafe","7":"product_cat-cafe-compativeis-com-maquinas-nespresso","8":"product_cat-caffe-corsini","10":"first","11":"instock","12":"shipping-taxable","13":"product-type-simple"},"jetpack_sharing_enabled":true,"_links":{"self":[{"href":"https:\/\/boozedrinks.pt\/en\/wp-json\/wp\/v2\/product\/15116","targetHints":{"allow":["GET"]}}],"collection":[{"href":"https:\/\/boozedrinks.pt\/en\/wp-json\/wp\/v2\/product"}],"about":[{"href":"https:\/\/boozedrinks.pt\/en\/wp-json\/wp\/v2\/types\/product"}],"replies":[{"embeddable":true,"href":"https:\/\/boozedrinks.pt\/en\/wp-json\/wp\/v2\/comments?post=15116"}],"wp:featuredmedia":[{"embeddable":true,"href":"https:\/\/boozedrinks.pt\/en\/wp-json\/wp\/v2\/media\/15117"}],"wp:attachment":[{"href":"https:\/\/boozedrinks.pt\/en\/wp-json\/wp\/v2\/media?parent=15116"}],"wp:term":[{"taxonomy":"product_brand","embeddable":true,"href":"https:\/\/boozedrinks.pt\/en\/wp-json\/wp\/v2\/product_brand?post=15116"},{"taxonomy":"product_cat","embeddable":true,"href":"https:\/\/boozedrinks.pt\/en\/wp-json\/wp\/v2\/product_cat?post=15116"},{"taxonomy":"product_tag","embeddable":true,"href":"https:\/\/boozedrinks.pt\/en\/wp-json\/wp\/v2\/product_tag?post=15116"}],"curies":[{"name":"wp","href":"https:\/\/api.w.org\/{rel}","templated":true}]}}