
{"id":15456,"date":"2025-06-23T14:22:10","date_gmt":"2025-06-23T14:22:10","guid":{"rendered":"https:\/\/boozedrinks.pt\/?post_type=product&#038;p=15456"},"modified":"2025-06-23T14:22:27","modified_gmt":"2025-06-23T14:22:27","slug":"caffe-corsini-colombia-medellin","status":"publish","type":"product","link":"https:\/\/boozedrinks.pt\/en\/product\/caffe-corsini-colombia-medellin\/","title":{"rendered":"Caff\u00e8 Corsini Colombia Medell\u00edn"},"content":{"rendered":"","protected":false},"excerpt":{"rendered":"<p>Colombian coffee from Medell\u00edn, medium roast, with notes of walnut and caramel, a sweet, balanced flavor and a velvety aroma.<\/p>\n<p>Capsules for Nespresso: 10 capsules<\/p>\n<p>Shelf life: 2 years<\/p>\n","protected":false},"featured_media":15098,"comment_status":"closed","ping_status":"closed","template":"","meta":[],"product_brand":[],"product_cat":[261,283,286],"product_tag":[],"class_list":{"0":"post-15456","1":"product","2":"type-product","3":"status-publish","4":"has-post-thumbnail","6":"product_cat-cafe-en","7":"product_cat-caffe-corsini-en","8":"product_cat-coffees-compatible-with-nespresso-machines-en","10":"first","11":"instock","12":"shipping-taxable","13":"product-type-simple"},"jetpack_sharing_enabled":true,"_links":{"self":[{"href":"https:\/\/boozedrinks.pt\/en\/wp-json\/wp\/v2\/product\/15456","targetHints":{"allow":["GET"]}}],"collection":[{"href":"https:\/\/boozedrinks.pt\/en\/wp-json\/wp\/v2\/product"}],"about":[{"href":"https:\/\/boozedrinks.pt\/en\/wp-json\/wp\/v2\/types\/product"}],"replies":[{"embeddable":true,"href":"https:\/\/boozedrinks.pt\/en\/wp-json\/wp\/v2\/comments?post=15456"}],"wp:featuredmedia":[{"embeddable":true,"href":"https:\/\/boozedrinks.pt\/en\/wp-json\/wp\/v2\/media\/15098"}],"wp:attachment":[{"href":"https:\/\/boozedrinks.pt\/en\/wp-json\/wp\/v2\/media?parent=15456"}],"wp:term":[{"taxonomy":"product_brand","embeddable":true,"href":"https:\/\/boozedrinks.pt\/en\/wp-json\/wp\/v2\/product_brand?post=15456"},{"taxonomy":"product_cat","embeddable":true,"href":"https:\/\/boozedrinks.pt\/en\/wp-json\/wp\/v2\/product_cat?post=15456"},{"taxonomy":"product_tag","embeddable":true,"href":"https:\/\/boozedrinks.pt\/en\/wp-json\/wp\/v2\/product_tag?post=15456"}],"curies":[{"name":"wp","href":"https:\/\/api.w.org\/{rel}","templated":true}]}}