
{"id":10382,"date":"2024-03-18T12:34:12","date_gmt":"2024-03-18T12:34:12","guid":{"rendered":"https:\/\/boozedrinks.pt\/product\/silq-rose\/"},"modified":"2025-07-29T10:28:58","modified_gmt":"2025-07-29T10:28:58","slug":"silq-rose","status":"publish","type":"product","link":"https:\/\/boozedrinks.pt\/es\/product\/silq-rose\/","title":{"rendered":"Silq Rose"},"content":{"rendered":"","protected":false},"excerpt":{"rendered":"<p>Un licor de crema de fresa hecho con vodka, en su versi\u00f3n shot, perfecto para beber en cualquiera ocasi\u00f3n: Desde los conv\u00edvios de verano hasta las noches mas \u00edntimas.<\/p>\n<p>Botella: 200 mL<\/p>\n<p>Pack: 5<\/p>\n<p>Fecha de caducidad: N\/A<\/p>\n<p>Graduaci\u00f3n alcoh\u00f3lica: 15%<\/p>\n","protected":false},"featured_media":17538,"comment_status":"closed","ping_status":"closed","template":"","meta":[],"product_brand":[],"product_cat":[145,150,128,149],"product_tag":[],"class_list":{"0":"post-10382","1":"product","2":"type-product","3":"status-publish","4":"has-post-thumbnail","6":"product_cat-com-alcool-es","7":"product_cat-coolshot-es","8":"product_cat-listo-para-beber","9":"product_cat-miniaturas-es","11":"first","12":"instock","13":"shipping-taxable","14":"product-type-simple"},"jetpack_sharing_enabled":true,"_links":{"self":[{"href":"https:\/\/boozedrinks.pt\/es\/wp-json\/wp\/v2\/product\/10382","targetHints":{"allow":["GET"]}}],"collection":[{"href":"https:\/\/boozedrinks.pt\/es\/wp-json\/wp\/v2\/product"}],"about":[{"href":"https:\/\/boozedrinks.pt\/es\/wp-json\/wp\/v2\/types\/product"}],"replies":[{"embeddable":true,"href":"https:\/\/boozedrinks.pt\/es\/wp-json\/wp\/v2\/comments?post=10382"}],"wp:featuredmedia":[{"embeddable":true,"href":"https:\/\/boozedrinks.pt\/es\/wp-json\/wp\/v2\/media\/17538"}],"wp:attachment":[{"href":"https:\/\/boozedrinks.pt\/es\/wp-json\/wp\/v2\/media?parent=10382"}],"wp:term":[{"taxonomy":"product_brand","embeddable":true,"href":"https:\/\/boozedrinks.pt\/es\/wp-json\/wp\/v2\/product_brand?post=10382"},{"taxonomy":"product_cat","embeddable":true,"href":"https:\/\/boozedrinks.pt\/es\/wp-json\/wp\/v2\/product_cat?post=10382"},{"taxonomy":"product_tag","embeddable":true,"href":"https:\/\/boozedrinks.pt\/es\/wp-json\/wp\/v2\/product_tag?post=10382"}],"curies":[{"name":"wp","href":"https:\/\/api.w.org\/{rel}","templated":true}]}}