
{"id":10391,"date":"2024-03-05T11:48:36","date_gmt":"2024-03-05T11:48:36","guid":{"rendered":"https:\/\/boozedrinks.pt\/product\/vodka-artesanal-obeliu\/"},"modified":"2024-03-05T11:48:36","modified_gmt":"2024-03-05T11:48:36","slug":"vodka-artesanal-obeliu","status":"publish","type":"product","link":"https:\/\/boozedrinks.pt\/es\/product\/vodka-artesanal-obeliu\/","title":{"rendered":"Vodka Artesanal Obeliu"},"content":{"rendered":"","protected":false},"excerpt":{"rendered":"<p>\u00abTodos los vodkas son iguales&#8230;\u00bb Si eso es lo que piensa, est\u00e1 muy equivocado. Le presentamos una bebida en la que cada gota est\u00e1 llena de coraje, dedicaci\u00f3n y trabajo duro: Obeliu Crafted Vodka. Obeliu Crafted Vodka es una cuesti\u00f3n de principios &#8211; un principio para crear un vodka exquisito con car\u00e1cter. <strong>Obeliu Crafted Vodka<\/strong> se sigue elaborando hoy en d\u00eda con gran dedicaci\u00f3n. Botella: 700 ml Graduaci\u00f3n alcoh\u00f3lica: 40% \u00ab\u00bfSe ha fijado en la foto de la botella de vodka Obeliu Crafted? Es una fotograf\u00eda original de la esposa del propietario de la destiler\u00eda Obeliu, la condesa Katerina, trabajando en la destiler\u00eda en 1932. Se dice que nadie era demasiado bueno para trabajar en la destiler\u00eda Obeliu, as\u00ed que cada gota de este vodka est\u00e1 llena de coraje, dedicaci\u00f3n y trabajo duro.\u00bb    <\/p>\n","protected":false},"featured_media":10392,"comment_status":"closed","ping_status":"closed","template":"","meta":[],"product_brand":[],"product_cat":[153,152],"product_tag":[],"class_list":{"0":"post-10391","1":"product","2":"type-product","3":"status-publish","4":"has-post-thumbnail","6":"product_cat-obeliu-crafted-vodka-es","7":"product_cat-vodka-es","9":"first","10":"instock","11":"shipping-taxable","12":"product-type-simple"},"jetpack_sharing_enabled":true,"_links":{"self":[{"href":"https:\/\/boozedrinks.pt\/es\/wp-json\/wp\/v2\/product\/10391","targetHints":{"allow":["GET"]}}],"collection":[{"href":"https:\/\/boozedrinks.pt\/es\/wp-json\/wp\/v2\/product"}],"about":[{"href":"https:\/\/boozedrinks.pt\/es\/wp-json\/wp\/v2\/types\/product"}],"replies":[{"embeddable":true,"href":"https:\/\/boozedrinks.pt\/es\/wp-json\/wp\/v2\/comments?post=10391"}],"wp:featuredmedia":[{"embeddable":true,"href":"https:\/\/boozedrinks.pt\/es\/wp-json\/wp\/v2\/media\/10392"}],"wp:attachment":[{"href":"https:\/\/boozedrinks.pt\/es\/wp-json\/wp\/v2\/media?parent=10391"}],"wp:term":[{"taxonomy":"product_brand","embeddable":true,"href":"https:\/\/boozedrinks.pt\/es\/wp-json\/wp\/v2\/product_brand?post=10391"},{"taxonomy":"product_cat","embeddable":true,"href":"https:\/\/boozedrinks.pt\/es\/wp-json\/wp\/v2\/product_cat?post=10391"},{"taxonomy":"product_tag","embeddable":true,"href":"https:\/\/boozedrinks.pt\/es\/wp-json\/wp\/v2\/product_tag?post=10391"}],"curies":[{"name":"wp","href":"https:\/\/api.w.org\/{rel}","templated":true}]}}