
{"id":10426,"date":"2024-03-05T11:27:37","date_gmt":"2024-03-05T11:27:37","guid":{"rendered":"https:\/\/boozedrinks.pt\/product\/cool-shot-cocktail\/"},"modified":"2025-07-29T09:04:24","modified_gmt":"2025-07-29T09:04:24","slug":"cool-shot-cocktail","status":"publish","type":"product","link":"https:\/\/boozedrinks.pt\/es\/product\/cool-shot-cocktail\/","title":{"rendered":"Cool Shot Cocktail"},"content":{"rendered":"","protected":false},"excerpt":{"rendered":"<p>Cinco irresistibles chupitos de c\u00f3ctel listos para beber, con sabor a pi\u00f1a colada, fruta de la pasi\u00f3n, cosmopolitan, mojito y daiquiri de fresa.<\/p>\n<p>Botella: 200 mL<\/p>\n<p>Pack: 5 o 25<\/p>\n<p>Fecha de caducidad: N\/A<\/p>\n<p>Graduaci\u00f3n alcoh\u00f3lica: 15%<\/p>\n","protected":false},"featured_media":10443,"comment_status":"closed","ping_status":"closed","template":"","meta":[],"product_brand":[],"product_cat":[145,150,128,149],"product_tag":[],"class_list":{"0":"post-10426","1":"product","2":"type-product","3":"status-publish","4":"has-post-thumbnail","6":"product_cat-com-alcool-es","7":"product_cat-coolshot-es","8":"product_cat-listo-para-beber","9":"product_cat-miniaturas-es","11":"first","12":"instock","13":"shipping-taxable","14":"product-type-simple"},"jetpack_sharing_enabled":true,"_links":{"self":[{"href":"https:\/\/boozedrinks.pt\/es\/wp-json\/wp\/v2\/product\/10426","targetHints":{"allow":["GET"]}}],"collection":[{"href":"https:\/\/boozedrinks.pt\/es\/wp-json\/wp\/v2\/product"}],"about":[{"href":"https:\/\/boozedrinks.pt\/es\/wp-json\/wp\/v2\/types\/product"}],"replies":[{"embeddable":true,"href":"https:\/\/boozedrinks.pt\/es\/wp-json\/wp\/v2\/comments?post=10426"}],"wp:featuredmedia":[{"embeddable":true,"href":"https:\/\/boozedrinks.pt\/es\/wp-json\/wp\/v2\/media\/10443"}],"wp:attachment":[{"href":"https:\/\/boozedrinks.pt\/es\/wp-json\/wp\/v2\/media?parent=10426"}],"wp:term":[{"taxonomy":"product_brand","embeddable":true,"href":"https:\/\/boozedrinks.pt\/es\/wp-json\/wp\/v2\/product_brand?post=10426"},{"taxonomy":"product_cat","embeddable":true,"href":"https:\/\/boozedrinks.pt\/es\/wp-json\/wp\/v2\/product_cat?post=10426"},{"taxonomy":"product_tag","embeddable":true,"href":"https:\/\/boozedrinks.pt\/es\/wp-json\/wp\/v2\/product_tag?post=10426"}],"curies":[{"name":"wp","href":"https:\/\/api.w.org\/{rel}","templated":true}]}}