
{"id":10484,"date":"2024-03-05T11:11:13","date_gmt":"2024-03-05T11:11:13","guid":{"rendered":"https:\/\/boozedrinks.pt\/product\/buzzballz-lotta-colada\/"},"modified":"2025-07-29T08:49:36","modified_gmt":"2025-07-29T08:49:36","slug":"buzzballz-lotta-colada","status":"publish","type":"product","link":"https:\/\/boozedrinks.pt\/es\/product\/buzzballz-lotta-colada\/","title":{"rendered":"BuzzBallz Lotta Colada"},"content":{"rendered":"","protected":false},"excerpt":{"rendered":"<p>Este c\u00f3ctel a base de crema combina los sabores dulces y naturales de la pi\u00f1a y el coco, para ofrecerle el sabor de su c\u00f3ctel de verano favorito durante todo el a\u00f1o.<\/p>\n<p>Lata: 200 mL<\/p>\n<p>Fecha de caducidad: N\/A<\/p>\n<p>Graduaci\u00f3n alcoh\u00f3lica: 13,5%<\/p>\n<p>Sin gluten<\/p>\n","protected":false},"featured_media":10472,"comment_status":"closed","ping_status":"closed","template":"","meta":[],"product_brand":[],"product_cat":[162,140,145,128],"product_tag":[],"class_list":{"0":"post-10484","1":"product","2":"type-product","3":"status-publish","4":"has-post-thumbnail","6":"product_cat-buzzballz-es","7":"product_cat-cocktail-es","8":"product_cat-com-alcool-es","9":"product_cat-listo-para-beber","11":"first","12":"instock","13":"shipping-taxable","14":"product-type-simple"},"jetpack_sharing_enabled":true,"_links":{"self":[{"href":"https:\/\/boozedrinks.pt\/es\/wp-json\/wp\/v2\/product\/10484","targetHints":{"allow":["GET"]}}],"collection":[{"href":"https:\/\/boozedrinks.pt\/es\/wp-json\/wp\/v2\/product"}],"about":[{"href":"https:\/\/boozedrinks.pt\/es\/wp-json\/wp\/v2\/types\/product"}],"replies":[{"embeddable":true,"href":"https:\/\/boozedrinks.pt\/es\/wp-json\/wp\/v2\/comments?post=10484"}],"wp:featuredmedia":[{"embeddable":true,"href":"https:\/\/boozedrinks.pt\/es\/wp-json\/wp\/v2\/media\/10472"}],"wp:attachment":[{"href":"https:\/\/boozedrinks.pt\/es\/wp-json\/wp\/v2\/media?parent=10484"}],"wp:term":[{"taxonomy":"product_brand","embeddable":true,"href":"https:\/\/boozedrinks.pt\/es\/wp-json\/wp\/v2\/product_brand?post=10484"},{"taxonomy":"product_cat","embeddable":true,"href":"https:\/\/boozedrinks.pt\/es\/wp-json\/wp\/v2\/product_cat?post=10484"},{"taxonomy":"product_tag","embeddable":true,"href":"https:\/\/boozedrinks.pt\/es\/wp-json\/wp\/v2\/product_tag?post=10484"}],"curies":[{"name":"wp","href":"https:\/\/api.w.org\/{rel}","templated":true}]}}