
{"id":10549,"date":"2023-12-11T11:58:47","date_gmt":"2023-12-11T11:58:47","guid":{"rendered":"https:\/\/boozedrinks.pt\/product\/le-coq-virgin-margarita\/"},"modified":"2023-12-11T11:58:47","modified_gmt":"2023-12-11T11:58:47","slug":"le-coq-virgin-margarita","status":"publish","type":"product","link":"https:\/\/boozedrinks.pt\/es\/product\/le-coq-virgin-margarita\/","title":{"rendered":"Le Coq &#8211; Virgin Margarita"},"content":{"rendered":"","protected":false},"excerpt":{"rendered":"<p>Una versi\u00f3n ex\u00f3tica del cl\u00e1sico Margarita combinado con el incre\u00edble sabor de la sand\u00eda en su versi\u00f3n sin alcohol. <strong>Botella: 0,33L<\/strong><\/p>\n","protected":false},"featured_media":10551,"comment_status":"closed","ping_status":"closed","template":"","meta":[],"product_brand":[],"product_cat":[129,128,130],"product_tag":[],"class_list":{"0":"post-10549","1":"product","2":"type-product","3":"status-publish","4":"has-post-thumbnail","6":"product_cat-le-coq-es","7":"product_cat-listo-para-beber","8":"product_cat-sin-alcohol","10":"first","11":"instock","12":"shipping-taxable","13":"product-type-simple"},"jetpack_sharing_enabled":true,"_links":{"self":[{"href":"https:\/\/boozedrinks.pt\/es\/wp-json\/wp\/v2\/product\/10549","targetHints":{"allow":["GET"]}}],"collection":[{"href":"https:\/\/boozedrinks.pt\/es\/wp-json\/wp\/v2\/product"}],"about":[{"href":"https:\/\/boozedrinks.pt\/es\/wp-json\/wp\/v2\/types\/product"}],"replies":[{"embeddable":true,"href":"https:\/\/boozedrinks.pt\/es\/wp-json\/wp\/v2\/comments?post=10549"}],"wp:featuredmedia":[{"embeddable":true,"href":"https:\/\/boozedrinks.pt\/es\/wp-json\/wp\/v2\/media\/10551"}],"wp:attachment":[{"href":"https:\/\/boozedrinks.pt\/es\/wp-json\/wp\/v2\/media?parent=10549"}],"wp:term":[{"taxonomy":"product_brand","embeddable":true,"href":"https:\/\/boozedrinks.pt\/es\/wp-json\/wp\/v2\/product_brand?post=10549"},{"taxonomy":"product_cat","embeddable":true,"href":"https:\/\/boozedrinks.pt\/es\/wp-json\/wp\/v2\/product_cat?post=10549"},{"taxonomy":"product_tag","embeddable":true,"href":"https:\/\/boozedrinks.pt\/es\/wp-json\/wp\/v2\/product_tag?post=10549"}],"curies":[{"name":"wp","href":"https:\/\/api.w.org\/{rel}","templated":true}]}}