
{"id":10557,"date":"2023-12-11T11:49:54","date_gmt":"2023-12-11T11:49:54","guid":{"rendered":"https:\/\/boozedrinks.pt\/product\/le-coq-virgin-blue-lagoon\/"},"modified":"2023-12-11T11:49:54","modified_gmt":"2023-12-11T11:49:54","slug":"le-coq-virgin-blue-lagoon","status":"publish","type":"product","link":"https:\/\/boozedrinks.pt\/es\/product\/le-coq-virgin-blue-lagoon\/","title":{"rendered":"Le Coq &#8211; Virgin Blue Lagoon"},"content":{"rendered":"","protected":false},"excerpt":{"rendered":"<p>El c\u00f3ctel de origen franc\u00e9s m\u00e1s conocido por su color azul brillante en su versi\u00f3n sin alcohol. <strong>Botella: 0,33L<\/strong><\/p>\n","protected":false},"featured_media":10553,"comment_status":"closed","ping_status":"closed","template":"","meta":[],"product_brand":[],"product_cat":[129,128,130],"product_tag":[],"class_list":{"0":"post-10557","1":"product","2":"type-product","3":"status-publish","4":"has-post-thumbnail","6":"product_cat-le-coq-es","7":"product_cat-listo-para-beber","8":"product_cat-sin-alcohol","10":"first","11":"instock","12":"shipping-taxable","13":"product-type-simple"},"jetpack_sharing_enabled":true,"_links":{"self":[{"href":"https:\/\/boozedrinks.pt\/es\/wp-json\/wp\/v2\/product\/10557","targetHints":{"allow":["GET"]}}],"collection":[{"href":"https:\/\/boozedrinks.pt\/es\/wp-json\/wp\/v2\/product"}],"about":[{"href":"https:\/\/boozedrinks.pt\/es\/wp-json\/wp\/v2\/types\/product"}],"replies":[{"embeddable":true,"href":"https:\/\/boozedrinks.pt\/es\/wp-json\/wp\/v2\/comments?post=10557"}],"wp:featuredmedia":[{"embeddable":true,"href":"https:\/\/boozedrinks.pt\/es\/wp-json\/wp\/v2\/media\/10553"}],"wp:attachment":[{"href":"https:\/\/boozedrinks.pt\/es\/wp-json\/wp\/v2\/media?parent=10557"}],"wp:term":[{"taxonomy":"product_brand","embeddable":true,"href":"https:\/\/boozedrinks.pt\/es\/wp-json\/wp\/v2\/product_brand?post=10557"},{"taxonomy":"product_cat","embeddable":true,"href":"https:\/\/boozedrinks.pt\/es\/wp-json\/wp\/v2\/product_cat?post=10557"},{"taxonomy":"product_tag","embeddable":true,"href":"https:\/\/boozedrinks.pt\/es\/wp-json\/wp\/v2\/product_tag?post=10557"}],"curies":[{"name":"wp","href":"https:\/\/api.w.org\/{rel}","templated":true}]}}