
{"id":10572,"date":"2023-12-11T11:41:23","date_gmt":"2023-12-11T11:41:23","guid":{"rendered":"https:\/\/boozedrinks.pt\/product\/le-coq-sex-on-the-beach\/"},"modified":"2025-07-29T10:07:32","modified_gmt":"2025-07-29T10:07:32","slug":"le-coq-sex-on-the-beach","status":"publish","type":"product","link":"https:\/\/boozedrinks.pt\/es\/product\/le-coq-sex-on-the-beach\/","title":{"rendered":"Le Coq &#8211; Sex on the Beach"},"content":{"rendered":"","protected":false},"excerpt":{"rendered":"<p>Un atractivo c\u00f3ctel aromatizado con zumo de naranja, melocotones, ar\u00e1ndanos y ron. Es una bebida tropical y refrescante, lo que la convierte en una opci\u00f3n popular para los d\u00edas calurosos y las ocasiones relajadas.<\/p>\n<p>Botella: 0,33 L<\/p>\n<p>Fecha de caducidad: 720 d\u00edas<\/p>\n<p>Graduaci\u00f3n alcoh\u00f3lica: 4,7%<\/p>\n<p>&nbsp;<\/p>\n","protected":false},"featured_media":15947,"comment_status":"closed","ping_status":"closed","template":"","meta":[],"product_brand":[],"product_cat":[145,129,128],"product_tag":[],"class_list":{"0":"post-10572","1":"product","2":"type-product","3":"status-publish","4":"has-post-thumbnail","6":"product_cat-com-alcool-es","7":"product_cat-le-coq-es","8":"product_cat-listo-para-beber","10":"first","11":"instock","12":"shipping-taxable","13":"product-type-simple"},"jetpack_sharing_enabled":true,"_links":{"self":[{"href":"https:\/\/boozedrinks.pt\/es\/wp-json\/wp\/v2\/product\/10572","targetHints":{"allow":["GET"]}}],"collection":[{"href":"https:\/\/boozedrinks.pt\/es\/wp-json\/wp\/v2\/product"}],"about":[{"href":"https:\/\/boozedrinks.pt\/es\/wp-json\/wp\/v2\/types\/product"}],"replies":[{"embeddable":true,"href":"https:\/\/boozedrinks.pt\/es\/wp-json\/wp\/v2\/comments?post=10572"}],"wp:featuredmedia":[{"embeddable":true,"href":"https:\/\/boozedrinks.pt\/es\/wp-json\/wp\/v2\/media\/15947"}],"wp:attachment":[{"href":"https:\/\/boozedrinks.pt\/es\/wp-json\/wp\/v2\/media?parent=10572"}],"wp:term":[{"taxonomy":"product_brand","embeddable":true,"href":"https:\/\/boozedrinks.pt\/es\/wp-json\/wp\/v2\/product_brand?post=10572"},{"taxonomy":"product_cat","embeddable":true,"href":"https:\/\/boozedrinks.pt\/es\/wp-json\/wp\/v2\/product_cat?post=10572"},{"taxonomy":"product_tag","embeddable":true,"href":"https:\/\/boozedrinks.pt\/es\/wp-json\/wp\/v2\/product_tag?post=10572"}],"curies":[{"name":"wp","href":"https:\/\/api.w.org\/{rel}","templated":true}]}}