
{"id":10576,"date":"2023-12-11T11:38:03","date_gmt":"2023-12-11T11:38:03","guid":{"rendered":"https:\/\/boozedrinks.pt\/product\/le-coq-pina-colada\/"},"modified":"2025-07-29T10:05:14","modified_gmt":"2025-07-29T10:05:14","slug":"le-coq-pina-colada","status":"publish","type":"product","link":"https:\/\/boozedrinks.pt\/es\/product\/le-coq-pina-colada\/","title":{"rendered":"Le Coq &#8211; Pina Colada"},"content":{"rendered":"","protected":false},"excerpt":{"rendered":"<p>Un c\u00f3ctel tropical con sabor a ron, equilibrado con pi\u00f1a y coco. Una elecci\u00f3n popular para quienes buscan una bebida ex\u00f3tica y tropical, especialmente en climas c\u00e1lidos y soleados.<\/p>\n<p>Botella: 0,33 L<\/p>\n<p>Fecha de caducidad: 720 d\u00edas<\/p>\n<p>Graduaci\u00f3n alcoh\u00f3lica: 4,7%<\/p>\n","protected":false},"featured_media":10577,"comment_status":"closed","ping_status":"closed","template":"","meta":[],"product_brand":[],"product_cat":[145,129,128],"product_tag":[],"class_list":{"0":"post-10576","1":"product","2":"type-product","3":"status-publish","4":"has-post-thumbnail","6":"product_cat-com-alcool-es","7":"product_cat-le-coq-es","8":"product_cat-listo-para-beber","10":"first","11":"instock","12":"shipping-taxable","13":"product-type-simple"},"jetpack_sharing_enabled":true,"_links":{"self":[{"href":"https:\/\/boozedrinks.pt\/es\/wp-json\/wp\/v2\/product\/10576","targetHints":{"allow":["GET"]}}],"collection":[{"href":"https:\/\/boozedrinks.pt\/es\/wp-json\/wp\/v2\/product"}],"about":[{"href":"https:\/\/boozedrinks.pt\/es\/wp-json\/wp\/v2\/types\/product"}],"replies":[{"embeddable":true,"href":"https:\/\/boozedrinks.pt\/es\/wp-json\/wp\/v2\/comments?post=10576"}],"wp:featuredmedia":[{"embeddable":true,"href":"https:\/\/boozedrinks.pt\/es\/wp-json\/wp\/v2\/media\/10577"}],"wp:attachment":[{"href":"https:\/\/boozedrinks.pt\/es\/wp-json\/wp\/v2\/media?parent=10576"}],"wp:term":[{"taxonomy":"product_brand","embeddable":true,"href":"https:\/\/boozedrinks.pt\/es\/wp-json\/wp\/v2\/product_brand?post=10576"},{"taxonomy":"product_cat","embeddable":true,"href":"https:\/\/boozedrinks.pt\/es\/wp-json\/wp\/v2\/product_cat?post=10576"},{"taxonomy":"product_tag","embeddable":true,"href":"https:\/\/boozedrinks.pt\/es\/wp-json\/wp\/v2\/product_tag?post=10576"}],"curies":[{"name":"wp","href":"https:\/\/api.w.org\/{rel}","templated":true}]}}