
{"id":10579,"date":"2026-03-27T21:32:38","date_gmt":"2026-03-27T21:32:38","guid":{"rendered":"https:\/\/boozedrinks.pt\/product\/le-coq-margarita\/"},"modified":"2025-07-29T09:44:25","modified_gmt":"2025-07-29T09:44:25","slug":"le-coq-margarita","status":"publish","type":"product","link":"https:\/\/boozedrinks.pt\/es\/product\/le-coq-margarita\/","title":{"rendered":"Le Coq &#8211; Margarita"},"content":{"rendered":"","protected":false},"excerpt":{"rendered":"<p>Una versi\u00f3n ex\u00f3tica del cl\u00e1sico Margarita combinado con el incre\u00edble sabor de la sand\u00eda. Un c\u00f3ctel que combina el sabor del tequila, el zumo de lim\u00f3n y la sand\u00eda.<\/p>\n<p>Botella: 0,33 L<\/p>\n<p>Fecha de caducidad: 720 d\u00edas<\/p>\n<p>Graduaci\u00f3n alcoh\u00f3lica: 4,7%<\/p>\n","protected":false},"featured_media":15961,"comment_status":"closed","ping_status":"closed","template":"","meta":[],"product_brand":[],"product_cat":[145,129,128],"product_tag":[],"class_list":{"0":"post-10579","1":"product","2":"type-product","3":"status-publish","4":"has-post-thumbnail","6":"product_cat-com-alcool-es","7":"product_cat-le-coq-es","8":"product_cat-listo-para-beber","10":"first","11":"instock","12":"shipping-taxable","13":"product-type-simple"},"jetpack_sharing_enabled":true,"_links":{"self":[{"href":"https:\/\/boozedrinks.pt\/es\/wp-json\/wp\/v2\/product\/10579","targetHints":{"allow":["GET"]}}],"collection":[{"href":"https:\/\/boozedrinks.pt\/es\/wp-json\/wp\/v2\/product"}],"about":[{"href":"https:\/\/boozedrinks.pt\/es\/wp-json\/wp\/v2\/types\/product"}],"replies":[{"embeddable":true,"href":"https:\/\/boozedrinks.pt\/es\/wp-json\/wp\/v2\/comments?post=10579"}],"wp:featuredmedia":[{"embeddable":true,"href":"https:\/\/boozedrinks.pt\/es\/wp-json\/wp\/v2\/media\/15961"}],"wp:attachment":[{"href":"https:\/\/boozedrinks.pt\/es\/wp-json\/wp\/v2\/media?parent=10579"}],"wp:term":[{"taxonomy":"product_brand","embeddable":true,"href":"https:\/\/boozedrinks.pt\/es\/wp-json\/wp\/v2\/product_brand?post=10579"},{"taxonomy":"product_cat","embeddable":true,"href":"https:\/\/boozedrinks.pt\/es\/wp-json\/wp\/v2\/product_cat?post=10579"},{"taxonomy":"product_tag","embeddable":true,"href":"https:\/\/boozedrinks.pt\/es\/wp-json\/wp\/v2\/product_tag?post=10579"}],"curies":[{"name":"wp","href":"https:\/\/api.w.org\/{rel}","templated":true}]}}