
{"id":10584,"date":"2026-03-27T20:00:52","date_gmt":"2026-03-27T20:00:52","guid":{"rendered":"https:\/\/boozedrinks.pt\/product\/le-coq-mojito-classic\/"},"modified":"2025-07-29T09:47:02","modified_gmt":"2025-07-29T09:47:02","slug":"le-coq-mojito-classic","status":"publish","type":"product","link":"https:\/\/boozedrinks.pt\/es\/product\/le-coq-mojito-classic\/","title":{"rendered":"Le Coq &#8211; Mojito Classic"},"content":{"rendered":"","protected":false},"excerpt":{"rendered":"<p>Un c\u00f3ctel refrescante con un equilibrio perfecto entre el dulzor del az\u00facar, la acidez del lim\u00f3n, el sabor del ron y el gusto refrescante de la menta.<\/p>\n<p>Botella: 0,33 L<\/p>\n<p>Fecha de caducidad: 720 d\u00edas<\/p>\n<p>Graduaci\u00f3n alcoh\u00f3lica: 4,7%<\/p>\n","protected":false},"featured_media":0,"comment_status":"closed","ping_status":"closed","template":"","meta":[],"product_brand":[],"product_cat":[145,129,128],"product_tag":[],"class_list":{"0":"post-10584","1":"product","2":"type-product","3":"status-publish","5":"product_cat-com-alcool-es","6":"product_cat-le-coq-es","7":"product_cat-listo-para-beber","9":"first","10":"instock","11":"shipping-taxable","12":"product-type-simple"},"jetpack_sharing_enabled":true,"_links":{"self":[{"href":"https:\/\/boozedrinks.pt\/es\/wp-json\/wp\/v2\/product\/10584","targetHints":{"allow":["GET"]}}],"collection":[{"href":"https:\/\/boozedrinks.pt\/es\/wp-json\/wp\/v2\/product"}],"about":[{"href":"https:\/\/boozedrinks.pt\/es\/wp-json\/wp\/v2\/types\/product"}],"replies":[{"embeddable":true,"href":"https:\/\/boozedrinks.pt\/es\/wp-json\/wp\/v2\/comments?post=10584"}],"wp:attachment":[{"href":"https:\/\/boozedrinks.pt\/es\/wp-json\/wp\/v2\/media?parent=10584"}],"wp:term":[{"taxonomy":"product_brand","embeddable":true,"href":"https:\/\/boozedrinks.pt\/es\/wp-json\/wp\/v2\/product_brand?post=10584"},{"taxonomy":"product_cat","embeddable":true,"href":"https:\/\/boozedrinks.pt\/es\/wp-json\/wp\/v2\/product_cat?post=10584"},{"taxonomy":"product_tag","embeddable":true,"href":"https:\/\/boozedrinks.pt\/es\/wp-json\/wp\/v2\/product_tag?post=10584"}],"curies":[{"name":"wp","href":"https:\/\/api.w.org\/{rel}","templated":true}]}}