
{"id":11059,"date":"2024-12-04T10:52:14","date_gmt":"2024-12-04T10:52:14","guid":{"rendered":"https:\/\/boozedrinks.pt\/?post_type=product&#038;p=11059"},"modified":"2026-03-19T16:10:50","modified_gmt":"2026-03-19T16:10:50","slug":"cafe-borbone-crema-superiore","status":"publish","type":"product","link":"https:\/\/boozedrinks.pt\/es\/product\/cafe-borbone-crema-superiore\/","title":{"rendered":"Caff\u00e8 Borbone Crema Superiore"},"content":{"rendered":"","protected":false},"excerpt":{"rendered":"<p>A combina\u00e7\u00e3o perfeita entre sabor e requinte. O Crema Superiore destaca-se pela cremosidade, do\u00e7ura e car\u00e1ter.<\/p>\n<p>Compat\u00edvel com m\u00e1quinas Nespresso.<\/p>\n<p>Intensidade: 7\/10<\/p>\n<p>Pack: 10 c\u00e1psulas<\/p>\n<p>Prazo de validade: 2 anos<\/p>\n","protected":false},"featured_media":11117,"comment_status":"closed","ping_status":"closed","template":"","meta":[],"product_brand":[],"product_cat":[204,203,205],"product_tag":[],"class_list":{"0":"post-11059","1":"product","2":"type-product","3":"status-publish","4":"has-post-thumbnail","6":"product_cat-cafe","7":"product_cat-cafe-compativeis-com-maquinas-nespresso","8":"product_cat-caffe-borbone","10":"first","11":"instock","12":"shipping-taxable","13":"product-type-simple"},"jetpack_sharing_enabled":true,"_links":{"self":[{"href":"https:\/\/boozedrinks.pt\/es\/wp-json\/wp\/v2\/product\/11059","targetHints":{"allow":["GET"]}}],"collection":[{"href":"https:\/\/boozedrinks.pt\/es\/wp-json\/wp\/v2\/product"}],"about":[{"href":"https:\/\/boozedrinks.pt\/es\/wp-json\/wp\/v2\/types\/product"}],"replies":[{"embeddable":true,"href":"https:\/\/boozedrinks.pt\/es\/wp-json\/wp\/v2\/comments?post=11059"}],"wp:featuredmedia":[{"embeddable":true,"href":"https:\/\/boozedrinks.pt\/es\/wp-json\/wp\/v2\/media\/11117"}],"wp:attachment":[{"href":"https:\/\/boozedrinks.pt\/es\/wp-json\/wp\/v2\/media?parent=11059"}],"wp:term":[{"taxonomy":"product_brand","embeddable":true,"href":"https:\/\/boozedrinks.pt\/es\/wp-json\/wp\/v2\/product_brand?post=11059"},{"taxonomy":"product_cat","embeddable":true,"href":"https:\/\/boozedrinks.pt\/es\/wp-json\/wp\/v2\/product_cat?post=11059"},{"taxonomy":"product_tag","embeddable":true,"href":"https:\/\/boozedrinks.pt\/es\/wp-json\/wp\/v2\/product_tag?post=11059"}],"curies":[{"name":"wp","href":"https:\/\/api.w.org\/{rel}","templated":true}]}}