
{"id":11152,"date":"2024-12-04T12:16:49","date_gmt":"2024-12-04T12:16:49","guid":{"rendered":"https:\/\/boozedrinks.pt\/?post_type=product&#038;p=11152"},"modified":"2026-03-19T16:33:27","modified_gmt":"2026-03-19T16:33:27","slug":"borbone-nocciolino","status":"publish","type":"product","link":"https:\/\/boozedrinks.pt\/es\/product\/borbone-nocciolino\/","title":{"rendered":"Caff\u00e8 Borbone Sol\u00favel Nocciolino"},"content":{"rendered":"","protected":false},"excerpt":{"rendered":"<p>Cremoso e doce, uma bebida instant\u00e2nea que mistura caf\u00e9 macchiato e avel\u00e3.<\/p>\n<p>Compat\u00edvel com m\u00e1quinas Nespresso.<\/p>\n<p>Pack: 10 c\u00e1psulas<\/p>\n<p>Prazo de validade: 2 anos<\/p>\n","protected":false},"featured_media":17121,"comment_status":"closed","ping_status":"closed","template":"","meta":[],"product_brand":[],"product_cat":[204,205,207],"product_tag":[],"class_list":{"0":"post-11152","1":"product","2":"type-product","3":"status-publish","4":"has-post-thumbnail","6":"product_cat-cafe","7":"product_cat-caffe-borbone","8":"product_cat-soluveis-compativeis-com-maquinas-nespresso","10":"first","11":"instock","12":"shipping-taxable","13":"product-type-simple"},"jetpack_sharing_enabled":true,"_links":{"self":[{"href":"https:\/\/boozedrinks.pt\/es\/wp-json\/wp\/v2\/product\/11152","targetHints":{"allow":["GET"]}}],"collection":[{"href":"https:\/\/boozedrinks.pt\/es\/wp-json\/wp\/v2\/product"}],"about":[{"href":"https:\/\/boozedrinks.pt\/es\/wp-json\/wp\/v2\/types\/product"}],"replies":[{"embeddable":true,"href":"https:\/\/boozedrinks.pt\/es\/wp-json\/wp\/v2\/comments?post=11152"}],"wp:featuredmedia":[{"embeddable":true,"href":"https:\/\/boozedrinks.pt\/es\/wp-json\/wp\/v2\/media\/17121"}],"wp:attachment":[{"href":"https:\/\/boozedrinks.pt\/es\/wp-json\/wp\/v2\/media?parent=11152"}],"wp:term":[{"taxonomy":"product_brand","embeddable":true,"href":"https:\/\/boozedrinks.pt\/es\/wp-json\/wp\/v2\/product_brand?post=11152"},{"taxonomy":"product_cat","embeddable":true,"href":"https:\/\/boozedrinks.pt\/es\/wp-json\/wp\/v2\/product_cat?post=11152"},{"taxonomy":"product_tag","embeddable":true,"href":"https:\/\/boozedrinks.pt\/es\/wp-json\/wp\/v2\/product_tag?post=11152"}],"curies":[{"name":"wp","href":"https:\/\/api.w.org\/{rel}","templated":true}]}}