
{"id":11175,"date":"2024-12-04T17:22:06","date_gmt":"2024-12-04T17:22:06","guid":{"rendered":"https:\/\/boozedrinks.pt\/?post_type=product&#038;p=11175"},"modified":"2026-03-19T17:03:33","modified_gmt":"2026-03-19T17:03:33","slug":"borbone-al-frutti-di-bosco-2","status":"publish","type":"product","link":"https:\/\/boozedrinks.pt\/es\/product\/borbone-al-frutti-di-bosco-2\/","title":{"rendered":"Caff\u00e8 Borbone Ch\u00e1 Al Frutti di Bosco"},"content":{"rendered":"","protected":false},"excerpt":{"rendered":"<p>Ch\u00e1 saboroso de frutos vermelhos em c\u00e1psulas para as m\u00e1quinas Dolce Gusto.<\/p>\n<p>Pack: 16 c\u00e1psulas<\/p>\n<p>Prazo de validade: 2 anos<\/p>\n","protected":false},"featured_media":11087,"comment_status":"closed","ping_status":"closed","template":"","meta":[],"product_brand":[],"product_cat":[204,205,210],"product_tag":[],"class_list":{"0":"post-11175","1":"product","2":"type-product","3":"status-publish","4":"has-post-thumbnail","6":"product_cat-cafe","7":"product_cat-caffe-borbone","8":"product_cat-chas-compativeis-com-maquinas-dolce-gusto","10":"first","11":"instock","12":"shipping-taxable","13":"product-type-simple"},"jetpack_sharing_enabled":true,"_links":{"self":[{"href":"https:\/\/boozedrinks.pt\/es\/wp-json\/wp\/v2\/product\/11175","targetHints":{"allow":["GET"]}}],"collection":[{"href":"https:\/\/boozedrinks.pt\/es\/wp-json\/wp\/v2\/product"}],"about":[{"href":"https:\/\/boozedrinks.pt\/es\/wp-json\/wp\/v2\/types\/product"}],"replies":[{"embeddable":true,"href":"https:\/\/boozedrinks.pt\/es\/wp-json\/wp\/v2\/comments?post=11175"}],"wp:featuredmedia":[{"embeddable":true,"href":"https:\/\/boozedrinks.pt\/es\/wp-json\/wp\/v2\/media\/11087"}],"wp:attachment":[{"href":"https:\/\/boozedrinks.pt\/es\/wp-json\/wp\/v2\/media?parent=11175"}],"wp:term":[{"taxonomy":"product_brand","embeddable":true,"href":"https:\/\/boozedrinks.pt\/es\/wp-json\/wp\/v2\/product_brand?post=11175"},{"taxonomy":"product_cat","embeddable":true,"href":"https:\/\/boozedrinks.pt\/es\/wp-json\/wp\/v2\/product_cat?post=11175"},{"taxonomy":"product_tag","embeddable":true,"href":"https:\/\/boozedrinks.pt\/es\/wp-json\/wp\/v2\/product_tag?post=11175"}],"curies":[{"name":"wp","href":"https:\/\/api.w.org\/{rel}","templated":true}]}}