
{"id":11519,"date":"2025-01-29T10:52:47","date_gmt":"2025-01-29T10:52:47","guid":{"rendered":"https:\/\/boozedrinks.pt\/?post_type=product&#038;p=11519"},"modified":"2025-05-08T09:17:16","modified_gmt":"2025-05-08T09:17:16","slug":"casa-maestri-flask-spirits-rum","status":"publish","type":"product","link":"https:\/\/boozedrinks.pt\/es\/product\/casa-maestri-flask-spirits-rum\/","title":{"rendered":"Casa Maestri Flask Spirits Rum"},"content":{"rendered":"","protected":false},"excerpt":{"rendered":"<p>Produzido num dos locais mais emblem\u00e1ticos do mundo e envelhecido durante 4 anos, proporcionar-lhe-\u00e1 uma experi\u00eancia deliciosa.<\/p>\n<p>Dispon\u00edveis em: 200ml, 700ml e 1,5L<\/p>\n<p>Prazo de validade: N\/A<\/p>\n<p>Teor alco\u00f3lico: 40%<\/p>\n","protected":false},"featured_media":11520,"comment_status":"closed","ping_status":"closed","template":"","meta":[],"product_brand":[],"product_cat":[44],"product_tag":[],"class_list":{"0":"post-11519","1":"product","2":"type-product","3":"status-publish","4":"has-post-thumbnail","6":"product_cat-rum","8":"first","9":"instock","10":"shipping-taxable","11":"product-type-simple"},"jetpack_sharing_enabled":true,"_links":{"self":[{"href":"https:\/\/boozedrinks.pt\/es\/wp-json\/wp\/v2\/product\/11519","targetHints":{"allow":["GET"]}}],"collection":[{"href":"https:\/\/boozedrinks.pt\/es\/wp-json\/wp\/v2\/product"}],"about":[{"href":"https:\/\/boozedrinks.pt\/es\/wp-json\/wp\/v2\/types\/product"}],"replies":[{"embeddable":true,"href":"https:\/\/boozedrinks.pt\/es\/wp-json\/wp\/v2\/comments?post=11519"}],"wp:featuredmedia":[{"embeddable":true,"href":"https:\/\/boozedrinks.pt\/es\/wp-json\/wp\/v2\/media\/11520"}],"wp:attachment":[{"href":"https:\/\/boozedrinks.pt\/es\/wp-json\/wp\/v2\/media?parent=11519"}],"wp:term":[{"taxonomy":"product_brand","embeddable":true,"href":"https:\/\/boozedrinks.pt\/es\/wp-json\/wp\/v2\/product_brand?post=11519"},{"taxonomy":"product_cat","embeddable":true,"href":"https:\/\/boozedrinks.pt\/es\/wp-json\/wp\/v2\/product_cat?post=11519"},{"taxonomy":"product_tag","embeddable":true,"href":"https:\/\/boozedrinks.pt\/es\/wp-json\/wp\/v2\/product_tag?post=11519"}],"curies":[{"name":"wp","href":"https:\/\/api.w.org\/{rel}","templated":true}]}}