
{"id":11528,"date":"2025-01-29T11:19:06","date_gmt":"2025-01-29T11:19:06","guid":{"rendered":"https:\/\/boozedrinks.pt\/?post_type=product&#038;p=11528"},"modified":"2025-05-07T17:01:25","modified_gmt":"2025-05-07T17:01:25","slug":"casa-maestri-flask-spirits-tequila","status":"publish","type":"product","link":"https:\/\/boozedrinks.pt\/es\/product\/casa-maestri-flask-spirits-tequila\/","title":{"rendered":"Casa Maestri Flask Spirits Tequila"},"content":{"rendered":"","protected":false},"excerpt":{"rendered":"<p>Esta Tequila Blanco 100% Agave \u00e9 artesanal e duplamente destilada, embalada num frasco de a\u00e7o inoxid\u00e1vel. \u00d3timo para cocktails ou simplesmente para saborear.<\/p>\n<p>Dispon\u00edveis em: 200ml\/700ml\/1,75L<\/p>\n<p>Prazo de validade: N\/A<\/p>\n<p>Teor alco\u00f3lico: 40%<\/p>\n","protected":false},"featured_media":11529,"comment_status":"closed","ping_status":"closed","template":"","meta":[],"product_brand":[],"product_cat":[193],"product_tag":[],"class_list":{"0":"post-11528","1":"product","2":"type-product","3":"status-publish","4":"has-post-thumbnail","6":"product_cat-tequila-4","8":"first","9":"instock","10":"shipping-taxable","11":"product-type-simple"},"jetpack_sharing_enabled":true,"_links":{"self":[{"href":"https:\/\/boozedrinks.pt\/es\/wp-json\/wp\/v2\/product\/11528","targetHints":{"allow":["GET"]}}],"collection":[{"href":"https:\/\/boozedrinks.pt\/es\/wp-json\/wp\/v2\/product"}],"about":[{"href":"https:\/\/boozedrinks.pt\/es\/wp-json\/wp\/v2\/types\/product"}],"replies":[{"embeddable":true,"href":"https:\/\/boozedrinks.pt\/es\/wp-json\/wp\/v2\/comments?post=11528"}],"wp:featuredmedia":[{"embeddable":true,"href":"https:\/\/boozedrinks.pt\/es\/wp-json\/wp\/v2\/media\/11529"}],"wp:attachment":[{"href":"https:\/\/boozedrinks.pt\/es\/wp-json\/wp\/v2\/media?parent=11528"}],"wp:term":[{"taxonomy":"product_brand","embeddable":true,"href":"https:\/\/boozedrinks.pt\/es\/wp-json\/wp\/v2\/product_brand?post=11528"},{"taxonomy":"product_cat","embeddable":true,"href":"https:\/\/boozedrinks.pt\/es\/wp-json\/wp\/v2\/product_cat?post=11528"},{"taxonomy":"product_tag","embeddable":true,"href":"https:\/\/boozedrinks.pt\/es\/wp-json\/wp\/v2\/product_tag?post=11528"}],"curies":[{"name":"wp","href":"https:\/\/api.w.org\/{rel}","templated":true}]}}