
{"id":11857,"date":"2025-02-19T09:51:48","date_gmt":"2025-02-19T09:51:48","guid":{"rendered":"https:\/\/boozedrinks.pt\/?post_type=product&#038;p=11857"},"modified":"2025-05-15T16:55:08","modified_gmt":"2025-05-15T16:55:08","slug":"nestville-pear-liqueur-35","status":"publish","type":"product","link":"https:\/\/boozedrinks.pt\/es\/product\/nestville-pear-liqueur-35\/","title":{"rendered":"Nestville Pear Liqueur 35%"},"content":{"rendered":"","protected":false},"excerpt":{"rendered":"<p>A combina\u00e7\u00e3o \u00fanica do original Nestville Whisky Blended com o delicioso sabor a pera cria uma experi\u00eancia fresca, doce, intensa e saborosa, com notas subtis de baunilha.<\/p>\n<p>Garrafa: 70cl<\/p>\n<p>Prazo de validade: N\/A<\/p>\n<p>Teor alco\u00f3lico: 35%<\/p>\n","protected":false},"featured_media":11833,"comment_status":"closed","ping_status":"closed","template":"","meta":[],"product_brand":[],"product_cat":[264,39],"product_tag":[],"class_list":{"0":"post-11857","1":"product","2":"type-product","3":"status-publish","4":"has-post-thumbnail","6":"product_cat-nestville","7":"product_cat-whiskey","9":"first","10":"instock","11":"shipping-taxable","12":"product-type-simple"},"jetpack_sharing_enabled":true,"_links":{"self":[{"href":"https:\/\/boozedrinks.pt\/es\/wp-json\/wp\/v2\/product\/11857","targetHints":{"allow":["GET"]}}],"collection":[{"href":"https:\/\/boozedrinks.pt\/es\/wp-json\/wp\/v2\/product"}],"about":[{"href":"https:\/\/boozedrinks.pt\/es\/wp-json\/wp\/v2\/types\/product"}],"replies":[{"embeddable":true,"href":"https:\/\/boozedrinks.pt\/es\/wp-json\/wp\/v2\/comments?post=11857"}],"wp:featuredmedia":[{"embeddable":true,"href":"https:\/\/boozedrinks.pt\/es\/wp-json\/wp\/v2\/media\/11833"}],"wp:attachment":[{"href":"https:\/\/boozedrinks.pt\/es\/wp-json\/wp\/v2\/media?parent=11857"}],"wp:term":[{"taxonomy":"product_brand","embeddable":true,"href":"https:\/\/boozedrinks.pt\/es\/wp-json\/wp\/v2\/product_brand?post=11857"},{"taxonomy":"product_cat","embeddable":true,"href":"https:\/\/boozedrinks.pt\/es\/wp-json\/wp\/v2\/product_cat?post=11857"},{"taxonomy":"product_tag","embeddable":true,"href":"https:\/\/boozedrinks.pt\/es\/wp-json\/wp\/v2\/product_tag?post=11857"}],"curies":[{"name":"wp","href":"https:\/\/api.w.org\/{rel}","templated":true}]}}