
{"id":11900,"date":"2025-03-11T16:29:31","date_gmt":"2025-03-11T16:29:31","guid":{"rendered":"https:\/\/boozedrinks.pt\/?post_type=product&#038;p=11900"},"modified":"2025-05-08T13:46:44","modified_gmt":"2025-05-08T13:46:44","slug":"cafe-borbone-crema-superiore-em-grao","status":"publish","type":"product","link":"https:\/\/boozedrinks.pt\/es\/product\/cafe-borbone-crema-superiore-em-grao\/","title":{"rendered":"Caf\u00e9 Borbone Crema Superiore em Gr\u00e3o"},"content":{"rendered":"","protected":false},"excerpt":{"rendered":"<p>A combina\u00e7\u00e3o perfeita entre sabor e requinte. O Crema Superiore destaca-se pela cremosidade, do\u00e7ura e car\u00e1ter.<\/p>\n<p>Pack: 1kg<\/p>\n","protected":false},"featured_media":11891,"comment_status":"closed","ping_status":"closed","template":"","meta":[],"product_brand":[],"product_cat":[205,211],"product_tag":[],"class_list":{"0":"post-11900","1":"product","2":"type-product","3":"status-publish","4":"has-post-thumbnail","6":"product_cat-caffe-borbone","7":"product_cat-cafe-em-grao","9":"first","10":"instock","11":"shipping-taxable","12":"product-type-simple"},"jetpack_sharing_enabled":true,"_links":{"self":[{"href":"https:\/\/boozedrinks.pt\/es\/wp-json\/wp\/v2\/product\/11900","targetHints":{"allow":["GET"]}}],"collection":[{"href":"https:\/\/boozedrinks.pt\/es\/wp-json\/wp\/v2\/product"}],"about":[{"href":"https:\/\/boozedrinks.pt\/es\/wp-json\/wp\/v2\/types\/product"}],"replies":[{"embeddable":true,"href":"https:\/\/boozedrinks.pt\/es\/wp-json\/wp\/v2\/comments?post=11900"}],"wp:featuredmedia":[{"embeddable":true,"href":"https:\/\/boozedrinks.pt\/es\/wp-json\/wp\/v2\/media\/11891"}],"wp:attachment":[{"href":"https:\/\/boozedrinks.pt\/es\/wp-json\/wp\/v2\/media?parent=11900"}],"wp:term":[{"taxonomy":"product_brand","embeddable":true,"href":"https:\/\/boozedrinks.pt\/es\/wp-json\/wp\/v2\/product_brand?post=11900"},{"taxonomy":"product_cat","embeddable":true,"href":"https:\/\/boozedrinks.pt\/es\/wp-json\/wp\/v2\/product_cat?post=11900"},{"taxonomy":"product_tag","embeddable":true,"href":"https:\/\/boozedrinks.pt\/es\/wp-json\/wp\/v2\/product_tag?post=11900"}],"curies":[{"name":"wp","href":"https:\/\/api.w.org\/{rel}","templated":true}]}}