
{"id":14365,"date":"2025-05-14T11:15:40","date_gmt":"2025-05-14T11:15:40","guid":{"rendered":"https:\/\/boozedrinks.pt\/?post_type=product&#038;p=14365"},"modified":"2026-04-10T10:46:27","modified_gmt":"2026-04-10T10:46:27","slug":"le-coq-lemon-spritz","status":"publish","type":"product","link":"https:\/\/boozedrinks.pt\/es\/product\/le-coq-lemon-spritz\/","title":{"rendered":"Le Coq Lemon Spritz"},"content":{"rendered":"","protected":false},"excerpt":{"rendered":"<p>O Lemon Spritz \u00e9 um cocktail com sabor a lim\u00e3o, equilibrado com um toque de efervesc\u00eancia. O equil\u00edbrio entre a do\u00e7ura e um ligeiro amargor torna-o numa op\u00e7\u00e3o suave e refrescante.<\/p>\n<p>Garrafa: 0,33 L<\/p>\n<p>Teor alco\u00f3lico: 4,7%<\/p>\n<p>Prazo de validade: 720 dias<\/p>\n","protected":false},"featured_media":17649,"comment_status":"closed","ping_status":"closed","template":"","meta":[],"product_brand":[],"product_cat":[87,45,36],"product_tag":[],"class_list":{"0":"post-14365","1":"product","2":"type-product","3":"status-publish","4":"has-post-thumbnail","6":"product_cat-com-alcool","7":"product_cat-le-coq","8":"product_cat-ready-to-drink","10":"first","11":"instock","12":"shipping-taxable","13":"product-type-simple"},"jetpack_sharing_enabled":true,"_links":{"self":[{"href":"https:\/\/boozedrinks.pt\/es\/wp-json\/wp\/v2\/product\/14365","targetHints":{"allow":["GET"]}}],"collection":[{"href":"https:\/\/boozedrinks.pt\/es\/wp-json\/wp\/v2\/product"}],"about":[{"href":"https:\/\/boozedrinks.pt\/es\/wp-json\/wp\/v2\/types\/product"}],"replies":[{"embeddable":true,"href":"https:\/\/boozedrinks.pt\/es\/wp-json\/wp\/v2\/comments?post=14365"}],"wp:featuredmedia":[{"embeddable":true,"href":"https:\/\/boozedrinks.pt\/es\/wp-json\/wp\/v2\/media\/17649"}],"wp:attachment":[{"href":"https:\/\/boozedrinks.pt\/es\/wp-json\/wp\/v2\/media?parent=14365"}],"wp:term":[{"taxonomy":"product_brand","embeddable":true,"href":"https:\/\/boozedrinks.pt\/es\/wp-json\/wp\/v2\/product_brand?post=14365"},{"taxonomy":"product_cat","embeddable":true,"href":"https:\/\/boozedrinks.pt\/es\/wp-json\/wp\/v2\/product_cat?post=14365"},{"taxonomy":"product_tag","embeddable":true,"href":"https:\/\/boozedrinks.pt\/es\/wp-json\/wp\/v2\/product_tag?post=14365"}],"curies":[{"name":"wp","href":"https:\/\/api.w.org\/{rel}","templated":true}]}}