
{"id":14419,"date":"2025-05-16T13:39:01","date_gmt":"2025-05-16T13:39:01","guid":{"rendered":"https:\/\/boozedrinks.pt\/?post_type=product&#038;p=14419"},"modified":"2025-05-16T13:39:01","modified_gmt":"2025-05-16T13:39:01","slug":"nestville-whisky-single-barrel-40","status":"publish","type":"product","link":"https:\/\/boozedrinks.pt\/es\/product\/nestville-whisky-single-barrel-40\/","title":{"rendered":"Nestville Whisky Single Barrel 40%"},"content":{"rendered":"","protected":false},"excerpt":{"rendered":"<p>Amadurecido num m\u00ednimo 4 anos, Nestville Whisky Single Barrel \u00e9 uma edi\u00e7\u00e3o especial feita num n\u00famero limitado de aproximadamente 435 garrafas de um \u00fanico barril. Sabor muito harm\u00f3nico e doce a caramelo.<\/p>\n<p>Garrafa: 70cl<\/p>\n<p>Prazo de validade: N\/A<\/p>\n<p>Teor alco\u00f3lico: 40%<\/p>\n","protected":false},"featured_media":11821,"comment_status":"closed","ping_status":"closed","template":"","meta":[],"product_brand":[],"product_cat":[264,39],"product_tag":[],"class_list":{"0":"post-14419","1":"product","2":"type-product","3":"status-publish","4":"has-post-thumbnail","6":"product_cat-nestville","7":"product_cat-whiskey","9":"first","10":"instock","11":"shipping-taxable","12":"product-type-simple"},"jetpack_sharing_enabled":true,"_links":{"self":[{"href":"https:\/\/boozedrinks.pt\/es\/wp-json\/wp\/v2\/product\/14419","targetHints":{"allow":["GET"]}}],"collection":[{"href":"https:\/\/boozedrinks.pt\/es\/wp-json\/wp\/v2\/product"}],"about":[{"href":"https:\/\/boozedrinks.pt\/es\/wp-json\/wp\/v2\/types\/product"}],"replies":[{"embeddable":true,"href":"https:\/\/boozedrinks.pt\/es\/wp-json\/wp\/v2\/comments?post=14419"}],"wp:featuredmedia":[{"embeddable":true,"href":"https:\/\/boozedrinks.pt\/es\/wp-json\/wp\/v2\/media\/11821"}],"wp:attachment":[{"href":"https:\/\/boozedrinks.pt\/es\/wp-json\/wp\/v2\/media?parent=14419"}],"wp:term":[{"taxonomy":"product_brand","embeddable":true,"href":"https:\/\/boozedrinks.pt\/es\/wp-json\/wp\/v2\/product_brand?post=14419"},{"taxonomy":"product_cat","embeddable":true,"href":"https:\/\/boozedrinks.pt\/es\/wp-json\/wp\/v2\/product_cat?post=14419"},{"taxonomy":"product_tag","embeddable":true,"href":"https:\/\/boozedrinks.pt\/es\/wp-json\/wp\/v2\/product_tag?post=14419"}],"curies":[{"name":"wp","href":"https:\/\/api.w.org\/{rel}","templated":true}]}}