
{"id":14427,"date":"2025-05-16T15:21:00","date_gmt":"2025-05-16T15:21:00","guid":{"rendered":"https:\/\/boozedrinks.pt\/?post_type=product&#038;p=14427"},"modified":"2025-05-16T15:21:00","modified_gmt":"2025-05-16T15:21:00","slug":"nestville-whisky-blended-9-years-40","status":"publish","type":"product","link":"https:\/\/boozedrinks.pt\/es\/product\/nestville-whisky-blended-9-years-40\/","title":{"rendered":"Nestville Whisky Blended 9 Years 40%"},"content":{"rendered":"","protected":false},"excerpt":{"rendered":"<p>Uma mistura perfeitamente equilibrada de whisky de cereais e de malte, proveniente de diversos barris. Conseguimos manter o car\u00e1ter \u00fanico do Nestville Whisky utilizando a destila\u00e7\u00e3o especial de 7 colunas amadurecido em barris &#8220;Virgin Oak&#8221;.<\/p>\n<p>Garrafa: 70cl<\/p>\n<p>Prazo de validade: N\/A<\/p>\n<p>Teor alco\u00f3lico: 40%<\/p>\n","protected":false},"featured_media":11815,"comment_status":"closed","ping_status":"closed","template":"","meta":[],"product_brand":[],"product_cat":[264,39],"product_tag":[],"class_list":{"0":"post-14427","1":"product","2":"type-product","3":"status-publish","4":"has-post-thumbnail","6":"product_cat-nestville","7":"product_cat-whiskey","9":"first","10":"instock","11":"shipping-taxable","12":"product-type-simple"},"jetpack_sharing_enabled":true,"_links":{"self":[{"href":"https:\/\/boozedrinks.pt\/es\/wp-json\/wp\/v2\/product\/14427","targetHints":{"allow":["GET"]}}],"collection":[{"href":"https:\/\/boozedrinks.pt\/es\/wp-json\/wp\/v2\/product"}],"about":[{"href":"https:\/\/boozedrinks.pt\/es\/wp-json\/wp\/v2\/types\/product"}],"replies":[{"embeddable":true,"href":"https:\/\/boozedrinks.pt\/es\/wp-json\/wp\/v2\/comments?post=14427"}],"wp:featuredmedia":[{"embeddable":true,"href":"https:\/\/boozedrinks.pt\/es\/wp-json\/wp\/v2\/media\/11815"}],"wp:attachment":[{"href":"https:\/\/boozedrinks.pt\/es\/wp-json\/wp\/v2\/media?parent=14427"}],"wp:term":[{"taxonomy":"product_brand","embeddable":true,"href":"https:\/\/boozedrinks.pt\/es\/wp-json\/wp\/v2\/product_brand?post=14427"},{"taxonomy":"product_cat","embeddable":true,"href":"https:\/\/boozedrinks.pt\/es\/wp-json\/wp\/v2\/product_cat?post=14427"},{"taxonomy":"product_tag","embeddable":true,"href":"https:\/\/boozedrinks.pt\/es\/wp-json\/wp\/v2\/product_tag?post=14427"}],"curies":[{"name":"wp","href":"https:\/\/api.w.org\/{rel}","templated":true}]}}