
{"id":14774,"date":"2025-06-06T08:19:31","date_gmt":"2025-06-06T08:19:31","guid":{"rendered":"https:\/\/boozedrinks.pt\/?post_type=product&#038;p=14774"},"modified":"2025-06-06T08:19:51","modified_gmt":"2025-06-06T08:19:51","slug":"goral-vodka-master-naranja","status":"publish","type":"product","link":"https:\/\/boozedrinks.pt\/es\/product\/goral-vodka-master-naranja\/","title":{"rendered":"Goral Vodka Master Naranja"},"content":{"rendered":"","protected":false},"excerpt":{"rendered":"<p>Este Vodka Goral Master es perfecto para los amantes de la naranja, ya que combina a la perfecci\u00f3n con el aut\u00e9ntico sabor de las mejores naranjas espa\u00f1olas.<\/p>\n<p>Botella: 0,70L<\/p>\n<p>Fecha de caducidad: N\/A<\/p>\n<p>Grado de alcohol: 40%<\/p>\n","protected":false},"featured_media":14667,"comment_status":"closed","ping_status":"closed","template":"","meta":[],"product_brand":[],"product_cat":[152,276],"product_tag":[],"class_list":{"0":"post-14774","1":"product","2":"type-product","3":"status-publish","4":"has-post-thumbnail","6":"product_cat-vodka-es","7":"product_cat-goral-vodka-master-es","9":"first","10":"instock","11":"shipping-taxable","12":"product-type-simple"},"jetpack_sharing_enabled":true,"_links":{"self":[{"href":"https:\/\/boozedrinks.pt\/es\/wp-json\/wp\/v2\/product\/14774","targetHints":{"allow":["GET"]}}],"collection":[{"href":"https:\/\/boozedrinks.pt\/es\/wp-json\/wp\/v2\/product"}],"about":[{"href":"https:\/\/boozedrinks.pt\/es\/wp-json\/wp\/v2\/types\/product"}],"replies":[{"embeddable":true,"href":"https:\/\/boozedrinks.pt\/es\/wp-json\/wp\/v2\/comments?post=14774"}],"wp:featuredmedia":[{"embeddable":true,"href":"https:\/\/boozedrinks.pt\/es\/wp-json\/wp\/v2\/media\/14667"}],"wp:attachment":[{"href":"https:\/\/boozedrinks.pt\/es\/wp-json\/wp\/v2\/media?parent=14774"}],"wp:term":[{"taxonomy":"product_brand","embeddable":true,"href":"https:\/\/boozedrinks.pt\/es\/wp-json\/wp\/v2\/product_brand?post=14774"},{"taxonomy":"product_cat","embeddable":true,"href":"https:\/\/boozedrinks.pt\/es\/wp-json\/wp\/v2\/product_cat?post=14774"},{"taxonomy":"product_tag","embeddable":true,"href":"https:\/\/boozedrinks.pt\/es\/wp-json\/wp\/v2\/product_tag?post=14774"}],"curies":[{"name":"wp","href":"https:\/\/api.w.org\/{rel}","templated":true}]}}