
{"id":15038,"date":"2025-06-12T10:02:22","date_gmt":"2025-06-12T10:02:22","guid":{"rendered":"https:\/\/boozedrinks.pt\/?post_type=product&#038;p=15038"},"modified":"2025-06-23T14:00:17","modified_gmt":"2025-06-23T14:00:17","slug":"cafe-corsini-etiopia-em-grao","status":"publish","type":"product","link":"https:\/\/boozedrinks.pt\/es\/product\/cafe-corsini-etiopia-em-grao\/","title":{"rendered":"Caff\u00e8 Corsini Eti\u00f3pia &#8211; em Gr\u00e3o"},"content":{"rendered":"","protected":false},"excerpt":{"rendered":"<p>A Eti\u00f3pia, ber\u00e7o do caf\u00e9, produz um ar\u00e1bica que se destaca pela sua intensa aromaticidade, com notas c\u00edtricas, de mirtilo e ervas, corpo m\u00e9dio e um delicado travo a baunilha.<\/p>\n<p>Caf\u00e9 em gr\u00e3o: 250 g<\/p>\n<p>Prazo de validade: 2 anos<\/p>\n","protected":false},"featured_media":15039,"comment_status":"closed","ping_status":"closed","template":"","meta":[],"product_brand":[],"product_cat":[204,277,211],"product_tag":[],"class_list":{"0":"post-15038","1":"product","2":"type-product","3":"status-publish","4":"has-post-thumbnail","6":"product_cat-cafe","7":"product_cat-caffe-corsini","8":"product_cat-cafe-em-grao","10":"first","11":"instock","12":"shipping-taxable","13":"product-type-simple"},"jetpack_sharing_enabled":true,"_links":{"self":[{"href":"https:\/\/boozedrinks.pt\/es\/wp-json\/wp\/v2\/product\/15038","targetHints":{"allow":["GET"]}}],"collection":[{"href":"https:\/\/boozedrinks.pt\/es\/wp-json\/wp\/v2\/product"}],"about":[{"href":"https:\/\/boozedrinks.pt\/es\/wp-json\/wp\/v2\/types\/product"}],"replies":[{"embeddable":true,"href":"https:\/\/boozedrinks.pt\/es\/wp-json\/wp\/v2\/comments?post=15038"}],"wp:featuredmedia":[{"embeddable":true,"href":"https:\/\/boozedrinks.pt\/es\/wp-json\/wp\/v2\/media\/15039"}],"wp:attachment":[{"href":"https:\/\/boozedrinks.pt\/es\/wp-json\/wp\/v2\/media?parent=15038"}],"wp:term":[{"taxonomy":"product_brand","embeddable":true,"href":"https:\/\/boozedrinks.pt\/es\/wp-json\/wp\/v2\/product_brand?post=15038"},{"taxonomy":"product_cat","embeddable":true,"href":"https:\/\/boozedrinks.pt\/es\/wp-json\/wp\/v2\/product_cat?post=15038"},{"taxonomy":"product_tag","embeddable":true,"href":"https:\/\/boozedrinks.pt\/es\/wp-json\/wp\/v2\/product_tag?post=15038"}],"curies":[{"name":"wp","href":"https:\/\/api.w.org\/{rel}","templated":true}]}}