
{"id":15617,"date":"2025-07-14T17:02:30","date_gmt":"2025-07-14T17:02:30","guid":{"rendered":"https:\/\/boozedrinks.pt\/product\/caffe-borbone-baileys-cappuccino\/"},"modified":"2025-07-15T11:12:51","modified_gmt":"2025-07-15T11:12:51","slug":"caffe-borbone-baileys-cappuccino","status":"publish","type":"product","link":"https:\/\/boozedrinks.pt\/es\/product\/caffe-borbone-baileys-cappuccino\/","title":{"rendered":"Caff\u00e8 Borbone Baileys Cappuccino"},"content":{"rendered":"","protected":false},"excerpt":{"rendered":"<p>El Cappuccino se une al Baileys en una armoniosa fusi\u00f3n de sabores, creando una experiencia \u00fanica y envolvente. Un abrazo c\u00e1lido y cremoso, donde el caf\u00e9 es el protagonista y el toque inconfundible de Baileys eleva cada sorbo. <\/p>\n<p>Compatible con m\u00e1quinas Dolce Gusto<\/p>\n<p>Pack: 16 c\u00e1psulas<\/p>\n<p>Fecha de caducidad: 2 a\u00f1os<\/p>\n","protected":false},"featured_media":15615,"comment_status":"closed","ping_status":"closed","template":"","meta":[],"product_brand":[],"product_cat":[290,291,292],"product_tag":[],"class_list":{"0":"post-15617","1":"product","2":"type-product","3":"status-publish","4":"has-post-thumbnail","6":"product_cat-cafe-y-bebidas-calientes","7":"product_cat-caffe-borbone-es","8":"product_cat-solubles-compatibles-con-maquinas-dolce-gusto","10":"first","11":"instock","12":"shipping-taxable","13":"product-type-simple"},"jetpack_sharing_enabled":true,"_links":{"self":[{"href":"https:\/\/boozedrinks.pt\/es\/wp-json\/wp\/v2\/product\/15617","targetHints":{"allow":["GET"]}}],"collection":[{"href":"https:\/\/boozedrinks.pt\/es\/wp-json\/wp\/v2\/product"}],"about":[{"href":"https:\/\/boozedrinks.pt\/es\/wp-json\/wp\/v2\/types\/product"}],"replies":[{"embeddable":true,"href":"https:\/\/boozedrinks.pt\/es\/wp-json\/wp\/v2\/comments?post=15617"}],"wp:featuredmedia":[{"embeddable":true,"href":"https:\/\/boozedrinks.pt\/es\/wp-json\/wp\/v2\/media\/15615"}],"wp:attachment":[{"href":"https:\/\/boozedrinks.pt\/es\/wp-json\/wp\/v2\/media?parent=15617"}],"wp:term":[{"taxonomy":"product_brand","embeddable":true,"href":"https:\/\/boozedrinks.pt\/es\/wp-json\/wp\/v2\/product_brand?post=15617"},{"taxonomy":"product_cat","embeddable":true,"href":"https:\/\/boozedrinks.pt\/es\/wp-json\/wp\/v2\/product_cat?post=15617"},{"taxonomy":"product_tag","embeddable":true,"href":"https:\/\/boozedrinks.pt\/es\/wp-json\/wp\/v2\/product_tag?post=15617"}],"curies":[{"name":"wp","href":"https:\/\/api.w.org\/{rel}","templated":true}]}}