
{"id":15620,"date":"2025-07-14T16:52:30","date_gmt":"2025-07-14T16:52:30","guid":{"rendered":"https:\/\/boozedrinks.pt\/product\/caffe-borbone-crema-superiore\/"},"modified":"2025-07-15T11:25:33","modified_gmt":"2025-07-15T11:25:33","slug":"caffe-borbone-crema-superiore","status":"publish","type":"product","link":"https:\/\/boozedrinks.pt\/es\/product\/caffe-borbone-crema-superiore\/","title":{"rendered":"Caff\u00e8 Borbone Crema Superiore"},"content":{"rendered":"","protected":false},"excerpt":{"rendered":"<p>Un caf\u00e9 potente y refinado que combina a la perfecci\u00f3n sabor y refinamiento. Destaca por su cremosidad envolvente, su dulzor y su car\u00e1cter. <\/p>\n<p>Compatible con m\u00e1quinas Dolce Gusto<\/p>\n<p>Pack: 16 c\u00e1psulas<\/p>\n<p>Intensidad: 7\/10<\/p>\n<p>Fecha de caducidad: 2 a\u00f1os<\/p>\n","protected":false},"featured_media":15603,"comment_status":"closed","ping_status":"closed","template":"","meta":[],"product_brand":[],"product_cat":[290,294,291],"product_tag":[],"class_list":{"0":"post-15620","1":"product","2":"type-product","3":"status-publish","4":"has-post-thumbnail","6":"product_cat-cafe-y-bebidas-calientes","7":"product_cat-cafes-compatibles-con-maquinas-dolce-gusto","8":"product_cat-caffe-borbone-es","10":"first","11":"instock","12":"shipping-taxable","13":"product-type-simple"},"jetpack_sharing_enabled":true,"_links":{"self":[{"href":"https:\/\/boozedrinks.pt\/es\/wp-json\/wp\/v2\/product\/15620","targetHints":{"allow":["GET"]}}],"collection":[{"href":"https:\/\/boozedrinks.pt\/es\/wp-json\/wp\/v2\/product"}],"about":[{"href":"https:\/\/boozedrinks.pt\/es\/wp-json\/wp\/v2\/types\/product"}],"replies":[{"embeddable":true,"href":"https:\/\/boozedrinks.pt\/es\/wp-json\/wp\/v2\/comments?post=15620"}],"wp:featuredmedia":[{"embeddable":true,"href":"https:\/\/boozedrinks.pt\/es\/wp-json\/wp\/v2\/media\/15603"}],"wp:attachment":[{"href":"https:\/\/boozedrinks.pt\/es\/wp-json\/wp\/v2\/media?parent=15620"}],"wp:term":[{"taxonomy":"product_brand","embeddable":true,"href":"https:\/\/boozedrinks.pt\/es\/wp-json\/wp\/v2\/product_brand?post=15620"},{"taxonomy":"product_cat","embeddable":true,"href":"https:\/\/boozedrinks.pt\/es\/wp-json\/wp\/v2\/product_cat?post=15620"},{"taxonomy":"product_tag","embeddable":true,"href":"https:\/\/boozedrinks.pt\/es\/wp-json\/wp\/v2\/product_tag?post=15620"}],"curies":[{"name":"wp","href":"https:\/\/api.w.org\/{rel}","templated":true}]}}