
{"id":15623,"date":"2025-07-14T16:46:41","date_gmt":"2025-07-14T16:46:41","guid":{"rendered":"https:\/\/boozedrinks.pt\/product\/caffe-borbone-lungo-sublime\/"},"modified":"2025-07-14T16:46:41","modified_gmt":"2025-07-14T16:46:41","slug":"caffe-borbone-lungo-sublime","status":"publish","type":"product","link":"https:\/\/boozedrinks.pt\/es\/product\/caffe-borbone-lungo-sublime\/","title":{"rendered":"Caff\u00e8 Borbone Lungo Sublime"},"content":{"rendered":"","protected":false},"excerpt":{"rendered":"<p>Un caf\u00e9 100% Ar\u00e1bica vibrante y refrescante con un sabor intenso y notas de chocolate negro, malta y casta\u00f1a.<\/p>\n<p>Compatible con m\u00e1quinas Dolce Gusto<\/p>\n<p>Pack: 16 c\u00e1psulas<\/p>\n<p>Intensidad: 6\/10<\/p>\n<p>Fecha de caducidad: 2 a\u00f1os<\/p>\n","protected":false},"featured_media":15598,"comment_status":"closed","ping_status":"closed","template":"","meta":[],"product_brand":[],"product_cat":[290,294,291],"product_tag":[],"class_list":{"0":"post-15623","1":"product","2":"type-product","3":"status-publish","4":"has-post-thumbnail","6":"product_cat-cafe-y-bebidas-calientes","7":"product_cat-cafes-compatibles-con-maquinas-dolce-gusto","8":"product_cat-caffe-borbone-es","10":"first","11":"instock","12":"shipping-taxable","13":"product-type-simple"},"jetpack_sharing_enabled":true,"_links":{"self":[{"href":"https:\/\/boozedrinks.pt\/es\/wp-json\/wp\/v2\/product\/15623","targetHints":{"allow":["GET"]}}],"collection":[{"href":"https:\/\/boozedrinks.pt\/es\/wp-json\/wp\/v2\/product"}],"about":[{"href":"https:\/\/boozedrinks.pt\/es\/wp-json\/wp\/v2\/types\/product"}],"replies":[{"embeddable":true,"href":"https:\/\/boozedrinks.pt\/es\/wp-json\/wp\/v2\/comments?post=15623"}],"wp:featuredmedia":[{"embeddable":true,"href":"https:\/\/boozedrinks.pt\/es\/wp-json\/wp\/v2\/media\/15598"}],"wp:attachment":[{"href":"https:\/\/boozedrinks.pt\/es\/wp-json\/wp\/v2\/media?parent=15623"}],"wp:term":[{"taxonomy":"product_brand","embeddable":true,"href":"https:\/\/boozedrinks.pt\/es\/wp-json\/wp\/v2\/product_brand?post=15623"},{"taxonomy":"product_cat","embeddable":true,"href":"https:\/\/boozedrinks.pt\/es\/wp-json\/wp\/v2\/product_cat?post=15623"},{"taxonomy":"product_tag","embeddable":true,"href":"https:\/\/boozedrinks.pt\/es\/wp-json\/wp\/v2\/product_tag?post=15623"}],"curies":[{"name":"wp","href":"https:\/\/api.w.org\/{rel}","templated":true}]}}