
{"id":15935,"date":"2023-12-11T11:00:46","date_gmt":"2023-12-11T11:00:46","guid":{"rendered":"https:\/\/boozedrinks.pt\/?post_type=product&#038;p=15935"},"modified":"2025-07-29T09:24:25","modified_gmt":"2025-07-29T09:24:25","slug":"le-coq-blue-lagoon-2","status":"publish","type":"product","link":"https:\/\/boozedrinks.pt\/es\/product\/le-coq-blue-lagoon-2\/","title":{"rendered":"Le Coq &#8211; Blue Lagoon"},"content":{"rendered":"","protected":false},"excerpt":{"rendered":"<p data-start=\"0\" data-end=\"113\">El c\u00f3ctel de origen franc\u00e9s m\u00e1s conocido debido a su color azul brillante y su sabor a Blue Cura\u00e7ao, pi\u00f1a y coco.<\/p>\n<p data-start=\"115\" data-end=\"130\">Botella: 0,33 L<\/p>\n<p data-start=\"132\" data-end=\"160\">Fecha de caducidad: 720 d\u00edas<\/p>\n<p data-start=\"162\" data-end=\"189\" data-is-last-node=\"\" data-is-only-node=\"\">Graduaci\u00f3n alcoh\u00f3lica: 4,7%<\/p>\n","protected":false},"featured_media":0,"comment_status":"closed","ping_status":"closed","template":"","meta":[],"product_brand":[],"product_cat":[145,129,128,91],"product_tag":[],"class_list":{"0":"post-15935","1":"product","2":"type-product","3":"status-publish","5":"product_cat-com-alcool-es","6":"product_cat-le-coq-es","7":"product_cat-listo-para-beber","8":"product_cat-aperitivos","10":"first","11":"instock","12":"shipping-taxable","13":"product-type-simple"},"jetpack_sharing_enabled":true,"_links":{"self":[{"href":"https:\/\/boozedrinks.pt\/es\/wp-json\/wp\/v2\/product\/15935","targetHints":{"allow":["GET"]}}],"collection":[{"href":"https:\/\/boozedrinks.pt\/es\/wp-json\/wp\/v2\/product"}],"about":[{"href":"https:\/\/boozedrinks.pt\/es\/wp-json\/wp\/v2\/types\/product"}],"replies":[{"embeddable":true,"href":"https:\/\/boozedrinks.pt\/es\/wp-json\/wp\/v2\/comments?post=15935"}],"wp:attachment":[{"href":"https:\/\/boozedrinks.pt\/es\/wp-json\/wp\/v2\/media?parent=15935"}],"wp:term":[{"taxonomy":"product_brand","embeddable":true,"href":"https:\/\/boozedrinks.pt\/es\/wp-json\/wp\/v2\/product_brand?post=15935"},{"taxonomy":"product_cat","embeddable":true,"href":"https:\/\/boozedrinks.pt\/es\/wp-json\/wp\/v2\/product_cat?post=15935"},{"taxonomy":"product_tag","embeddable":true,"href":"https:\/\/boozedrinks.pt\/es\/wp-json\/wp\/v2\/product_tag?post=15935"}],"curies":[{"name":"wp","href":"https:\/\/api.w.org\/{rel}","templated":true}]}}