
{"id":7069,"date":"2024-03-05T10:11:10","date_gmt":"2024-03-05T10:11:10","guid":{"rendered":"http:\/\/boozedrinks.getcode.business\/?post_type=product&#038;p=7069"},"modified":"2025-05-08T10:56:16","modified_gmt":"2025-05-08T10:56:16","slug":"chupa-chups-strawberry-cream","status":"publish","type":"product","link":"https:\/\/boozedrinks.pt\/es\/product\/chupa-chups-strawberry-cream\/","title":{"rendered":"Chupa Chups Strawberry Cream"},"content":{"rendered":"","protected":false},"excerpt":{"rendered":"<p>O <em>best-seller<\/em>. Esta bebida gaseificada com sabor a nata e morango remete-nos \u00e0s melhores mem\u00f3rias da nossa inf\u00e2ncia.<\/p>\n<p>Lata: 345ml<\/p>\n<p>Prazo de validade: 18 meses<\/p>\n","protected":false},"featured_media":7075,"comment_status":"closed","ping_status":"closed","template":"","meta":[],"product_brand":[],"product_cat":[48,42],"product_tag":[],"class_list":{"0":"post-7069","1":"product","2":"type-product","3":"status-publish","4":"has-post-thumbnail","6":"product_cat-chupa-chups","7":"product_cat-refrigerantes","9":"first","10":"instock","11":"shipping-taxable","12":"product-type-simple"},"jetpack_sharing_enabled":true,"_links":{"self":[{"href":"https:\/\/boozedrinks.pt\/es\/wp-json\/wp\/v2\/product\/7069","targetHints":{"allow":["GET"]}}],"collection":[{"href":"https:\/\/boozedrinks.pt\/es\/wp-json\/wp\/v2\/product"}],"about":[{"href":"https:\/\/boozedrinks.pt\/es\/wp-json\/wp\/v2\/types\/product"}],"replies":[{"embeddable":true,"href":"https:\/\/boozedrinks.pt\/es\/wp-json\/wp\/v2\/comments?post=7069"}],"wp:featuredmedia":[{"embeddable":true,"href":"https:\/\/boozedrinks.pt\/es\/wp-json\/wp\/v2\/media\/7075"}],"wp:attachment":[{"href":"https:\/\/boozedrinks.pt\/es\/wp-json\/wp\/v2\/media?parent=7069"}],"wp:term":[{"taxonomy":"product_brand","embeddable":true,"href":"https:\/\/boozedrinks.pt\/es\/wp-json\/wp\/v2\/product_brand?post=7069"},{"taxonomy":"product_cat","embeddable":true,"href":"https:\/\/boozedrinks.pt\/es\/wp-json\/wp\/v2\/product_cat?post=7069"},{"taxonomy":"product_tag","embeddable":true,"href":"https:\/\/boozedrinks.pt\/es\/wp-json\/wp\/v2\/product_tag?post=7069"}],"curies":[{"name":"wp","href":"https:\/\/api.w.org\/{rel}","templated":true}]}}